{"id":79349,"date":"2021-03-18T09:38:30","date_gmt":"2021-03-18T09:38:30","guid":{"rendered":"https:\/\/app.rewixecommerce.com\/magento-import-products-guide\/"},"modified":"2021-03-18T09:47:07","modified_gmt":"2021-03-18T09:47:07","slug":"magento-guida-importazione-prodotti","status":"publish","type":"page","link":"https:\/\/app.rewixecommerce.com\/it\/magento-guida-importazione-prodotti\/","title":{"rendered":"Importazione Prodotti Magento I"},"content":{"rendered":"\t\t<div data-elementor-type=\"wp-page\" data-elementor-id=\"79349\" class=\"elementor elementor-79349 elementor-79343\">\n\t\t\t\t\t\t<section class=\"elementor-section elementor-top-section elementor-element elementor-element-a763d2a elementor-section-stretched elementor-section-full_width elementor-section-height-default elementor-section-height-default\" data-id=\"a763d2a\" data-element_type=\"section\" data-settings=\"{&quot;stretch_section&quot;:&quot;section-stretched&quot;,&quot;background_background&quot;:&quot;classic&quot;}\">\n\t\t\t\t\t\t<div class=\"elementor-container elementor-column-gap-default\">\n\t\t\t\t\t<div class=\"elementor-column elementor-col-100 elementor-top-column elementor-element elementor-element-14fee81\" data-id=\"14fee81\" data-element_type=\"column\">\n\t\t\t<div class=\"elementor-widget-wrap elementor-element-populated\">\n\t\t\t\t\t\t<div class=\"elementor-element elementor-element-0793896 elementor-widget elementor-widget-heading\" data-id=\"0793896\" data-element_type=\"widget\" data-widget_type=\"heading.default\">\n\t\t\t\t<div class=\"elementor-widget-container\">\n\t\t\t<h1 class=\"elementor-heading-title elementor-size-default\">Importazione Prodotti Magento I<\/h1>\t\t<\/div>\n\t\t\t\t<\/div>\n\t\t\t\t\t<\/div>\n\t\t<\/div>\n\t\t\t\t\t<\/div>\n\t\t<\/section>\n\t\t\t\t<section class=\"elementor-section elementor-top-section elementor-element elementor-element-0b619e7 elementor-section-boxed elementor-section-height-default elementor-section-height-default\" data-id=\"0b619e7\" data-element_type=\"section\">\n\t\t\t\t\t\t<div class=\"elementor-container elementor-column-gap-default\">\n\t\t\t\t\t<div class=\"elementor-column elementor-col-33 elementor-top-column elementor-element elementor-element-a40ad13\" data-id=\"a40ad13\" data-element_type=\"column\" data-settings=\"{&quot;background_background&quot;:&quot;classic&quot;}\">\n\t\t\t<div class=\"elementor-widget-wrap elementor-element-populated\">\n\t\t\t\t\t\t<section class=\"elementor-section elementor-inner-section elementor-element elementor-element-b0c82a3 elementor-section-boxed elementor-section-height-default elementor-section-height-default\" data-id=\"b0c82a3\" data-element_type=\"section\" data-settings=\"{&quot;background_background&quot;:&quot;classic&quot;}\">\n\t\t\t\t\t\t<div class=\"elementor-container elementor-column-gap-default\">\n\t\t\t\t\t<div class=\"elementor-column elementor-col-100 elementor-inner-column elementor-element elementor-element-a193336\" data-id=\"a193336\" data-element_type=\"column\">\n\t\t\t<div class=\"elementor-widget-wrap elementor-element-populated\">\n\t\t\t\t\t\t<div class=\"elementor-element elementor-element-a91db37 elementor-widget elementor-widget-heading\" data-id=\"a91db37\" data-element_type=\"widget\" data-widget_type=\"heading.default\">\n\t\t\t\t<div class=\"elementor-widget-container\">\n\t\t\t<h2 class=\"elementor-heading-title elementor-size-default\">Guida Plugin Rewix Magento I<\/h2>\t\t<\/div>\n\t\t\t\t<\/div>\n\t\t\t\t<div class=\"elementor-element elementor-element-a48ecf5 elementor-widget elementor-widget-text-editor\" data-id=\"a48ecf5\" data-element_type=\"widget\" data-widget_type=\"text-editor.default\">\n\t\t\t\t<div class=\"elementor-widget-container\">\n\t\t\t\t\t\t\t<div class=\"wpb_text_column wpb_content_element \"><div class=\"wpb_wrapper\"><p><strong><a class=\"link-guida\" href=\"https:\/\/app.rewixecommerce.com\/it\/magento-guida-workflow\/\">Workflow<\/a><\/strong><\/p><p><strong><a class=\"link-guida\" href=\"https:\/\/app.rewixecommerce.com\/it\/magento-guida-installazione\/\">Installazione<\/a><\/strong><\/p><p><strong><a class=\"link-guida\" href=\"https:\/\/app.rewixecommerce.com\/it\/magento-guida-configurazione\/\">Configurazione<\/a><\/strong><\/p><p><strong><a class=\"link-guida active\" href=\"https:\/\/app.rewixecommerce.com\/it\/mangento-guida-importazione-prodotti\/\">&#8211; Importazione Prodotti<\/a><\/strong><\/p><p><strong><a class=\"link-guida\" href=\"https:\/\/app.rewixecommerce.com\/it\/magento-guida-gestione-prodotti\/\">Gestione Prodotti<\/a><\/strong><\/p><p><strong><a class=\"link-guida\" href=\"https:\/\/app.rewixecommerce.com\/it\/magento-guida-status\/\">Status<\/a><\/strong><\/p><p><strong><a class=\"link-guida\" href=\"https:\/\/app.rewixecommerce.com\/it\/magento-guida-versioni\/\">Versioni<\/a><\/strong><\/p><\/div><\/div>\t\t\t\t\t\t<\/div>\n\t\t\t\t<\/div>\n\t\t\t\t\t<\/div>\n\t\t<\/div>\n\t\t\t\t\t<\/div>\n\t\t<\/section>\n\t\t\t\t\t<\/div>\n\t\t<\/div>\n\t\t\t\t<div class=\"elementor-column elementor-col-66 elementor-top-column elementor-element elementor-element-59adb8a\" data-id=\"59adb8a\" data-element_type=\"column\">\n\t\t\t<div class=\"elementor-widget-wrap elementor-element-populated\">\n\t\t\t\t\t\t<div class=\"elementor-element elementor-element-9997aac elementor-widget elementor-widget-heading\" data-id=\"9997aac\" data-element_type=\"widget\" data-widget_type=\"heading.default\">\n\t\t\t\t<div class=\"elementor-widget-container\">\n\t\t\t<h2 class=\"elementor-heading-title elementor-size-default\">Come importare i prodotti con il Plugin Rewix per Magento<\/h2>\t\t<\/div>\n\t\t\t\t<\/div>\n\t\t\t\t<div class=\"elementor-element elementor-element-e7c2f04 elementor-widget elementor-widget-text-editor\" data-id=\"e7c2f04\" data-element_type=\"widget\" data-widget_type=\"text-editor.default\">\n\t\t\t\t<div class=\"elementor-widget-container\">\n\t\t\t\t\t\t\t<div class=\"wpb_text_column wpb_content_element \"><div class=\"wpb_wrapper\"><div class=\"wpb_text_column wpb_content_element \"><div class=\"wpb_wrapper\"><div class=\"wpb_text_column wpb_content_element \"><div class=\"wpb_wrapper\"><p>Questa sezione \u00e8 dedicata alla procedura di importazione dei prodotti dal sito ecommerce del tuo Fornitore.<\/p><p>Se la procedura di configurazione \u00e8 corretta, si visualizzer\u00e0 la tabella contenente tutti i prodotti disponibili nel magazzino del Fornitore.<\/p><\/div><\/div><\/div><\/div><\/div><\/div>\t\t\t\t\t\t<\/div>\n\t\t\t\t<\/div>\n\t\t\t\t<div class=\"elementor-element elementor-element-dea0bf4 elementor-widget elementor-widget-image\" data-id=\"dea0bf4\" data-element_type=\"widget\" data-widget_type=\"image.default\">\n\t\t\t\t<div class=\"elementor-widget-container\">\n\t\t\t\t\t\t\t\t\t\t\t\t\t<img fetchpriority=\"high\" decoding=\"async\" width=\"740\" height=\"351\" src=\"https:\/\/app.rewixecommerce.com\/wp-content\/uploads\/2019\/11\/bs-import-1024x486.png\" class=\"attachment-large size-large wp-image-75521\" alt=\"\" srcset=\"https:\/\/app.rewixecommerce.com\/wp-content\/uploads\/2019\/11\/bs-import-1024x486.png 1024w, https:\/\/app.rewixecommerce.com\/wp-content\/uploads\/2019\/11\/bs-import-500x238.png 500w, https:\/\/app.rewixecommerce.com\/wp-content\/uploads\/2019\/11\/bs-import-300x143.png 300w, https:\/\/app.rewixecommerce.com\/wp-content\/uploads\/2019\/11\/bs-import-768x365.png 768w, https:\/\/app.rewixecommerce.com\/wp-content\/uploads\/2019\/11\/bs-import.png 1440w\" sizes=\"(max-width: 740px) 100vw, 740px\" \/>\t\t\t\t\t\t\t\t\t\t\t\t\t<\/div>\n\t\t\t\t<\/div>\n\t\t\t\t<div class=\"elementor-element elementor-element-7a9e7e8 elementor-widget elementor-widget-text-editor\" data-id=\"7a9e7e8\" data-element_type=\"widget\" data-widget_type=\"text-editor.default\">\n\t\t\t\t<div class=\"elementor-widget-container\">\n\t\t\t\t\t\t\t<div class=\"wpb_text_column wpb_content_element \"><div class=\"wpb_wrapper\"><div class=\"wpb_text_column wpb_content_element \"><div class=\"wpb_wrapper\"><p>Questa tabella pu\u00f2 essere filtrata in molti modi per selezionare solo i prodotti da importare. I filtri possono essere applicati utilizzando il pulsante <strong>&lt;Cerca&gt;<\/strong> nell\u2019angolo in alto a destra della tabella.<\/p><p>Utilizzando il pulsante <strong>&lt;Reimposta filtri&gt;<\/strong>\u00a0 \u00e8 possibile ripristinare la situazione iniziale.<\/p><\/div><\/div><\/div><\/div>\t\t\t\t\t\t<\/div>\n\t\t\t\t<\/div>\n\t\t\t\t<div class=\"elementor-element elementor-element-bda4da3 elementor-alert-info elementor-widget elementor-widget-alert\" data-id=\"bda4da3\" data-element_type=\"widget\" data-widget_type=\"alert.default\">\n\t\t\t\t<div class=\"elementor-widget-container\">\n\t\t\t\t\t<div class=\"elementor-alert\" role=\"alert\">\n\n\t\t\t\t\t\t<span class=\"elementor-alert-title\">ATTENZIONE<\/span>\n\t\t\t\n\t\t\t\t\t\t<span class=\"elementor-alert-description\">I filtri rimangono applicati anche se navighi in altre pagine del tuo backend Prestashop!<\/span>\n\t\t\t\n\t\t\t\t\t\t<button type=\"button\" class=\"elementor-alert-dismiss\">\n\t\t\t\t\t\t\t\t\t<span aria-hidden=\"true\">&times;<\/span>\n\t\t\t\t\t\t\t\t<span class=\"elementor-screen-only\">Ignora questo avviso.<\/span>\n\t\t\t<\/button>\n\t\t\t\n\t\t<\/div>\n\t\t\t\t<\/div>\n\t\t\t\t<\/div>\n\t\t\t\t<div class=\"elementor-element elementor-element-4270390 elementor-widget elementor-widget-text-editor\" data-id=\"4270390\" data-element_type=\"widget\" data-widget_type=\"text-editor.default\">\n\t\t\t\t<div class=\"elementor-widget-container\">\n\t\t\t\t\t\t\t<div class=\"wpb_text_column wpb_content_element \"><div class=\"wpb_wrapper\"><div class=\"wpb_text_column wpb_content_element \"><div class=\"wpb_wrapper\"><p><strong>REMOTE ID<\/strong>\u00a0: questo \u00e8 l\u2019ID del prodotto sul sito ecommerce del tuo Fornitore<br \/><strong>IMAGE<\/strong>: mostra una miniatura dell\u2019immagine principale del prodotto.<br \/><strong>NAME<\/strong>: descrizione del prodotto.<br \/><strong>SKU<\/strong>: codice associato ai prodotti sul sito ecommerce del fornitore, che verr\u00e0 associato all\u2019attributo SKU del tuo sito Magento<br \/><strong>CATEGORY<\/strong>: questo campo popoler\u00e0 i livelli della gerarchia di categorie del tuo sito ecommerce<br \/><strong>BRAND<\/strong>: l\u2019attributo brand pu\u00f2 essere importato in un attributo che pu\u00f2 essere scelto nella fese di\u00a0Configurazione<br \/><strong>GENDER<\/strong>: l\u2019attributo genere pu\u00f2 essere importato in un attributo che pu\u00f2 essere scelto nella fese di\u00a0Configurazione<br \/><strong>AVAILABILITY<\/strong>\u2018: l\u2019attuale disponibilit\u00e0 di ogni singolo prodotto. Questa \u00e8 la disponibilit\u00e0 complessiva, somma delle disponibilit\u00e0 di tutti i modelli in un prodotto definito.<br \/><strong>BEST TAXABLE, TAXABLE STREET PRICE:\u00a0<\/strong>prezzo di vendita del tuo Fornitore (senza IVA) ,prezzo di vendita scontato (senza IVA) assegnato ai prodotti che sono attualmente in vendita temporanea sul sito del Fornitore<br \/><strong>PROPOSED PRICE<\/strong>: \u00e8 il prezzo che verr\u00e0 importato come prezzo di vendita di Magento. (A seconda delle impostazioni del Plugin Rewix, potrebbe essere il prezzo di vendita o il prezzo di vendita scontato.<\/p><p>L\u2019interfaccia offre la possibilit\u00e0 di filtrare per: marca, categoria, sottocategoria e genere. Ogni volta che i prodotti da importare vengono filtrati (il pulsante Cerca \u00e8 stato premuto e la tabella \u00e8 stata ricaricata), \u00e8 possibile selezionare i prodotti da importare con le caselle di controllo a sinistra o facendo clic su &lt;Seleziona visibile&gt; per selezionare tutti i prodotti nella pagina dei risultati corrente .<\/p><p>Per importare i prodotti selezionati scegli <strong>&lt;Importa&gt;<\/strong> dal menu a discesa nell\u2019angolo in alto a destra della tabella e clicca <strong>&lt;Applica&gt;<\/strong> per avviare la procedura di importazione.<\/p><p>I prodotti elencati vengono messi in coda in una tabella di database speciale e importati ogni 5 minuti in lotti di 30 elementi. \u00c8 possibile tenere traccia dell\u2019avanzamento della procedura nella pagina di stato.<\/p><\/div><\/div><\/div><\/div>\t\t\t\t\t\t<\/div>\n\t\t\t\t<\/div>\n\t\t\t\t<div class=\"elementor-element elementor-element-9ce91cc elementor-widget elementor-widget-heading\" data-id=\"9ce91cc\" data-element_type=\"widget\" data-widget_type=\"heading.default\">\n\t\t\t\t<div class=\"elementor-widget-container\">\n\t\t\t<h2 class=\"elementor-heading-title elementor-size-default\">Struttura dei Prodotti <\/h2>\t\t<\/div>\n\t\t\t\t<\/div>\n\t\t\t\t<div class=\"elementor-element elementor-element-abd6fee elementor-widget elementor-widget-text-editor\" data-id=\"abd6fee\" data-element_type=\"widget\" data-widget_type=\"text-editor.default\">\n\t\t\t\t<div class=\"elementor-widget-container\">\n\t\t\t\t\t\t\t<div class=\"wpb_text_column wpb_content_element \"><div class=\"wpb_wrapper\"><div class=\"wpb_text_column wpb_content_element \"><div class=\"wpb_wrapper\"><p>Se il <em>Product Type<\/em>\u00a0 \u00e8 impostato su <strong>Grouped<\/strong> (dalla pagina di configurazione), i prodotti del fornitore verranno importati come prodotti raggruppati che verranno visualizzati sul sito Web e un numero di prodotti semplici associati a quello raggruppato, che non sono visibili sul sito Web Magento, e possono essere scelti nella pagina del prodotto in base all\u2019attributo size (informazioni dal sito Web del fornitore).<\/p><p>Se il <em>Product Type <\/em>\u00e8 impostato come <strong>Configurable<\/strong>, i prodotti del fornitore verranno importati come un singolo prodotto con un elenco a discesa di opzioni per ogni variante, in cui ogni opzione \u00e8 in realt\u00e0 un prodotto semplice separato con uno SKU univoco, che consente di tenere traccia inventario per ogni variazione di prodotto.<\/p><p>Consigli per la versione precedente alla 1.0.0: la procedura di importazione sulla versione 0.9.2 o precedente potrebbe richiedere molto tempo se eseguita su un gran numero di prodotti (pi\u00f9 di 100) e potrebbe causare un errore 500 dal server web a causa di richiesta timeout. Si consiglia vivamente di aggiornare alla 1.0.0 per risolvere questo problema.<\/p><\/div><\/div><\/div><\/div>\t\t\t\t\t\t<\/div>\n\t\t\t\t<\/div>\n\t\t\t\t\t<\/div>\n\t\t<\/div>\n\t\t\t\t\t<\/div>\n\t\t<\/section>\n\t\t\t\t<\/div>\n\t\t","protected":false},"excerpt":{"rendered":"<p>Importazione Prodotti Magento I Guida Plugin Rewix Magento I Workflow Installazione Configurazione &#8211; Importazione Prodotti Gestione Prodotti Status Versioni Come importare i prodotti con il Plugin Rewix per Magento Questa sezione \u00e8 dedicata alla procedura di importazione dei prodotti dal sito ecommerce del tuo Fornitore. Se la procedura di configurazione \u00e8 corretta, si visualizzer\u00e0 la <\/p>\n","protected":false},"author":689,"featured_media":0,"parent":0,"menu_order":0,"comment_status":"closed","ping_status":"closed","template":"","meta":{"footnotes":""},"class_list":["post-79349","page","type-page","status-publish","hentry"],"aioseo_notices":[],"_links":{"self":[{"href":"https:\/\/app.rewixecommerce.com\/it\/wp-json\/wp\/v2\/pages\/79349"}],"collection":[{"href":"https:\/\/app.rewixecommerce.com\/it\/wp-json\/wp\/v2\/pages"}],"about":[{"href":"https:\/\/app.rewixecommerce.com\/it\/wp-json\/wp\/v2\/types\/page"}],"author":[{"embeddable":true,"href":"https:\/\/app.rewixecommerce.com\/it\/wp-json\/wp\/v2\/users\/689"}],"replies":[{"embeddable":true,"href":"https:\/\/app.rewixecommerce.com\/it\/wp-json\/wp\/v2\/comments?post=79349"}],"version-history":[{"count":4,"href":"https:\/\/app.rewixecommerce.com\/it\/wp-json\/wp\/v2\/pages\/79349\/revisions"}],"predecessor-version":[{"id":79355,"href":"https:\/\/app.rewixecommerce.com\/it\/wp-json\/wp\/v2\/pages\/79349\/revisions\/79355"}],"wp:attachment":[{"href":"https:\/\/app.rewixecommerce.com\/it\/wp-json\/wp\/v2\/media?parent=79349"}],"curies":[{"name":"wp","href":"https:\/\/api.w.org\/{rel}","templated":true}]}}