{"id":79330,"date":"2021-03-18T09:23:31","date_gmt":"2021-03-18T09:23:31","guid":{"rendered":"https:\/\/app.rewixecommerce.com\/magento-configuration-guide\/"},"modified":"2021-03-18T09:35:42","modified_gmt":"2021-03-18T09:35:42","slug":"magento-guida-configurazione","status":"publish","type":"page","link":"https:\/\/app.rewixecommerce.com\/it\/magento-guida-configurazione\/","title":{"rendered":"Configurazione Magento I"},"content":{"rendered":"\t\t<div data-elementor-type=\"wp-page\" data-elementor-id=\"79330\" class=\"elementor elementor-79330 elementor-79325\">\n\t\t\t\t\t\t<section class=\"elementor-section elementor-top-section elementor-element elementor-element-12d957f elementor-section-stretched elementor-section-full_width elementor-section-height-default elementor-section-height-default\" data-id=\"12d957f\" data-element_type=\"section\" data-settings=\"{&quot;stretch_section&quot;:&quot;section-stretched&quot;,&quot;background_background&quot;:&quot;classic&quot;}\">\n\t\t\t\t\t\t<div class=\"elementor-container elementor-column-gap-default\">\n\t\t\t\t\t<div class=\"elementor-column elementor-col-100 elementor-top-column elementor-element elementor-element-51d3018\" data-id=\"51d3018\" data-element_type=\"column\">\n\t\t\t<div class=\"elementor-widget-wrap elementor-element-populated\">\n\t\t\t\t\t\t<div class=\"elementor-element elementor-element-5dc0443 elementor-widget elementor-widget-heading\" data-id=\"5dc0443\" data-element_type=\"widget\" data-widget_type=\"heading.default\">\n\t\t\t\t<div class=\"elementor-widget-container\">\n\t\t\t<h1 class=\"elementor-heading-title elementor-size-default\">Configurazione Magento I<\/h1>\t\t<\/div>\n\t\t\t\t<\/div>\n\t\t\t\t\t<\/div>\n\t\t<\/div>\n\t\t\t\t\t<\/div>\n\t\t<\/section>\n\t\t\t\t<section class=\"elementor-section elementor-top-section elementor-element elementor-element-2b79f6c elementor-section-boxed elementor-section-height-default elementor-section-height-default\" data-id=\"2b79f6c\" data-element_type=\"section\">\n\t\t\t\t\t\t<div class=\"elementor-container elementor-column-gap-default\">\n\t\t\t\t\t<div class=\"elementor-column elementor-col-33 elementor-top-column elementor-element elementor-element-e467d7b\" data-id=\"e467d7b\" data-element_type=\"column\" data-settings=\"{&quot;background_background&quot;:&quot;classic&quot;}\">\n\t\t\t<div class=\"elementor-widget-wrap elementor-element-populated\">\n\t\t\t\t\t\t<section class=\"elementor-section elementor-inner-section elementor-element elementor-element-10dce5b elementor-section-boxed elementor-section-height-default elementor-section-height-default\" data-id=\"10dce5b\" data-element_type=\"section\" data-settings=\"{&quot;background_background&quot;:&quot;classic&quot;}\">\n\t\t\t\t\t\t<div class=\"elementor-container elementor-column-gap-default\">\n\t\t\t\t\t<div class=\"elementor-column elementor-col-100 elementor-inner-column elementor-element elementor-element-45ca076\" data-id=\"45ca076\" data-element_type=\"column\">\n\t\t\t<div class=\"elementor-widget-wrap elementor-element-populated\">\n\t\t\t\t\t\t<div class=\"elementor-element elementor-element-ce49353 elementor-widget elementor-widget-heading\" data-id=\"ce49353\" data-element_type=\"widget\" data-widget_type=\"heading.default\">\n\t\t\t\t<div class=\"elementor-widget-container\">\n\t\t\t<h2 class=\"elementor-heading-title elementor-size-default\">Guida Plugin Rewix Magento I<\/h2>\t\t<\/div>\n\t\t\t\t<\/div>\n\t\t\t\t<div class=\"elementor-element elementor-element-e0348ad elementor-widget elementor-widget-text-editor\" data-id=\"e0348ad\" data-element_type=\"widget\" data-widget_type=\"text-editor.default\">\n\t\t\t\t<div class=\"elementor-widget-container\">\n\t\t\t\t\t\t\t<p><strong><a class=\"link-guida\" href=\"https:\/\/app.rewixecommerce.com\/it\/magento-guida-workflow\/\">Workflow<\/a><\/strong><\/p><p><strong><a class=\"link-guida\" href=\"https:\/\/app.rewixecommerce.com\/it\/magento-guida-installazione\/\">Installazione<\/a><\/strong><\/p><p><strong><a class=\"link-guida active\" href=\"https:\/\/app.rewixecommerce.com\/it\/magento-guida-configurazione\/\">&#8211; Configurazione<\/a><\/strong><\/p><p><strong><a class=\"link-guida\" href=\"https:\/\/app.rewixecommerce.com\/it\/mangento-guida-importazione-prodotti\/\">Importazione Prodotti<\/a><\/strong><\/p><p><strong><a class=\"link-guida\" href=\"https:\/\/app.rewixecommerce.com\/it\/magento-guida-gestione-prodotti\/\">Gestione Prodotti<\/a><\/strong><\/p><p><strong><a class=\"link-guida\" href=\"https:\/\/app.rewixecommerce.com\/it\/magento-guida-status\/\">Status<\/a><\/strong><\/p><p><strong><a class=\"link-guida\" href=\"https:\/\/app.rewixecommerce.com\/it\/magento-guida-versioni\/\">Versioni<\/a><\/strong><\/p>\t\t\t\t\t\t<\/div>\n\t\t\t\t<\/div>\n\t\t\t\t\t<\/div>\n\t\t<\/div>\n\t\t\t\t\t<\/div>\n\t\t<\/section>\n\t\t\t\t\t<\/div>\n\t\t<\/div>\n\t\t\t\t<div class=\"elementor-column elementor-col-66 elementor-top-column elementor-element elementor-element-11cf007\" data-id=\"11cf007\" data-element_type=\"column\">\n\t\t\t<div class=\"elementor-widget-wrap elementor-element-populated\">\n\t\t\t\t\t\t<div class=\"elementor-element elementor-element-1a7e53d elementor-widget elementor-widget-heading\" data-id=\"1a7e53d\" data-element_type=\"widget\" data-widget_type=\"heading.default\">\n\t\t\t\t<div class=\"elementor-widget-container\">\n\t\t\t<h2 class=\"elementor-heading-title elementor-size-default\">Come configurare il Plugin Rewix per Magento I<\/h2>\t\t<\/div>\n\t\t\t\t<\/div>\n\t\t\t\t<div class=\"elementor-element elementor-element-49c8888 elementor-widget elementor-widget-text-editor\" data-id=\"49c8888\" data-element_type=\"widget\" data-widget_type=\"text-editor.default\">\n\t\t\t\t<div class=\"elementor-widget-container\">\n\t\t\t\t\t\t\t<div class=\"wpb_text_column wpb_content_element \"><div class=\"wpb_wrapper\"><div class=\"wpb_text_column wpb_content_element \"><div class=\"wpb_wrapper\"><p>Se non avete ancora installato il Plugin Rewix, seguite la procedura guidata alla pagina <a class=\"link-tabelle\" href=\"https:\/\/app.rewixecommerce.com\/it\/magento-guida-installazione\/\">Procedura di installazione<\/a>.<\/p><p>Prima di poter utilizzare il Plugin Rewix \u00e8 necessario configurarlo correttamente.<\/p><\/div><\/div><\/div><\/div>\t\t\t\t\t\t<\/div>\n\t\t\t\t<\/div>\n\t\t\t\t<div class=\"elementor-element elementor-element-72e33a4 elementor-alert-info elementor-widget elementor-widget-alert\" data-id=\"72e33a4\" data-element_type=\"widget\" data-widget_type=\"alert.default\">\n\t\t\t\t<div class=\"elementor-widget-container\">\n\t\t\t\t\t<div class=\"elementor-alert\" role=\"alert\">\n\n\t\t\t\t\t\t<span class=\"elementor-alert-title\">ATTENZIONE<\/span>\n\t\t\t\n\t\t\t\t\t\t<span class=\"elementor-alert-description\">Ti ricordiamo che tra i requisiti necessari per il funzionamento del Plugin Rewix c\u2019\u00e8 anche l\u2019acquisto del servizio di Dropshipping dal tuo fornitore (contatta il tuo fornitore e chiedi come puoi attivare il servizio di dropshipping). Una volta acquistato dal tuo fornitore il servizio di abbonamento al Dropshipping, riceverai la API key. La API key \u00e8 necessaria per sincronizzare i tuoi dati con l\u2019ecommerce del tuo fornitore.<\/span>\n\t\t\t\n\t\t\t\t\t\t<button type=\"button\" class=\"elementor-alert-dismiss\">\n\t\t\t\t\t\t\t\t\t<span aria-hidden=\"true\">&times;<\/span>\n\t\t\t\t\t\t\t\t<span class=\"elementor-screen-only\">Ignora questo avviso.<\/span>\n\t\t\t<\/button>\n\t\t\t\n\t\t<\/div>\n\t\t\t\t<\/div>\n\t\t\t\t<\/div>\n\t\t\t\t<div class=\"elementor-element elementor-element-cb0a8de elementor-widget elementor-widget-text-editor\" data-id=\"cb0a8de\" data-element_type=\"widget\" data-widget_type=\"text-editor.default\">\n\t\t\t\t<div class=\"elementor-widget-container\">\n\t\t\t\t\t\t\t<div class=\"wpb_text_column wpb_content_element \"><div class=\"wpb_wrapper\"><div class=\"wpb_text_column wpb_content_element \"><div class=\"wpb_wrapper\"><p>Quando attivi un servizio di dropshipping con il fornitore che utilizza la piattaforma rewixecommerce, avrai un account attivo nella sua piattaforma. Entrando nel tuo profilo, potrai trovare la API key nel pannello &lt;My subscription&gt;.<\/p><p>A questo punto potrai iniziare la configurazione del Plugin Rewix sul tuo shop Magento I. Vai nella pagina <em>System<\/em>\u00a0-&gt;\u00a0<em>Configuration<\/em>\u00a0-&gt;\u00a0<em>RewixSync<\/em>\u00a0-&gt;\u00a0<em>General Settins\u00a0<\/em> nell\u2019interfaccia di amministrazione.<\/p><\/div><\/div><\/div><\/div>\t\t\t\t\t\t<\/div>\n\t\t\t\t<\/div>\n\t\t\t\t<div class=\"elementor-element elementor-element-75cc899 elementor-alert-info elementor-widget elementor-widget-alert\" data-id=\"75cc899\" data-element_type=\"widget\" data-widget_type=\"alert.default\">\n\t\t\t\t<div class=\"elementor-widget-container\">\n\t\t\t\t\t<div class=\"elementor-alert\" role=\"alert\">\n\n\t\t\t\t\t\t<span class=\"elementor-alert-title\">ATTENZIONE<\/span>\n\t\t\t\n\t\t\t\t\t\t<span class=\"elementor-alert-description\">Tutte le impostazioni relative a prodotti, categorie e prezzi (se non specificate) saranno efficaci solo sui nuovi prodotti o sulla reimportazione dei prodotti esistenti.<\/span>\n\t\t\t\n\t\t\t\t\t\t<button type=\"button\" class=\"elementor-alert-dismiss\">\n\t\t\t\t\t\t\t\t\t<span aria-hidden=\"true\">&times;<\/span>\n\t\t\t\t\t\t\t\t<span class=\"elementor-screen-only\">Ignora questo avviso.<\/span>\n\t\t\t<\/button>\n\t\t\t\n\t\t<\/div>\n\t\t\t\t<\/div>\n\t\t\t\t<\/div>\n\t\t\t\t<div class=\"elementor-element elementor-element-475d4bf elementor-widget elementor-widget-image\" data-id=\"475d4bf\" data-element_type=\"widget\" data-widget_type=\"image.default\">\n\t\t\t\t<div class=\"elementor-widget-container\">\n\t\t\t\t\t\t\t\t\t\t\t\t\t<img fetchpriority=\"high\" decoding=\"async\" width=\"740\" height=\"441\" src=\"https:\/\/app.rewixecommerce.com\/wp-content\/uploads\/2020\/08\/bs-configuration.png\" class=\"attachment-large size-large wp-image-79319\" alt=\"\" srcset=\"https:\/\/app.rewixecommerce.com\/wp-content\/uploads\/2020\/08\/bs-configuration.png 1024w, https:\/\/app.rewixecommerce.com\/wp-content\/uploads\/2020\/08\/bs-configuration-300x179.png 300w, https:\/\/app.rewixecommerce.com\/wp-content\/uploads\/2020\/08\/bs-configuration-768x458.png 768w, https:\/\/app.rewixecommerce.com\/wp-content\/uploads\/2020\/08\/bs-configuration-750x447.png 750w, https:\/\/app.rewixecommerce.com\/wp-content\/uploads\/2020\/08\/bs-configuration-500x298.png 500w\" sizes=\"(max-width: 740px) 100vw, 740px\" \/>\t\t\t\t\t\t\t\t\t\t\t\t\t<\/div>\n\t\t\t\t<\/div>\n\t\t\t\t<div class=\"elementor-element elementor-element-58be4cd elementor-widget elementor-widget-text-editor\" data-id=\"58be4cd\" data-element_type=\"widget\" data-widget_type=\"text-editor.default\">\n\t\t\t\t<div class=\"elementor-widget-container\">\n\t\t\t\t\t\t\t<div class=\"wpb_text_column wpb_content_element \"><div class=\"wpb_wrapper\"><div class=\"wpb_text_column wpb_content_element \"><div class=\"wpb_wrapper\"><p>La configurazione si divide in due parti:<\/p><ul><li>Supplier Access<\/li><li>Configurazione dei prezzi<\/li><\/ul><\/div><\/div><\/div><\/div>\t\t\t\t\t\t<\/div>\n\t\t\t\t<\/div>\n\t\t\t\t<div class=\"elementor-element elementor-element-2324b67 elementor-widget elementor-widget-heading\" data-id=\"2324b67\" data-element_type=\"widget\" data-widget_type=\"heading.default\">\n\t\t\t\t<div class=\"elementor-widget-container\">\n\t\t\t<h2 class=\"elementor-heading-title elementor-size-default\">Supplier Access<\/h2>\t\t<\/div>\n\t\t\t\t<\/div>\n\t\t\t\t<div class=\"elementor-element elementor-element-08cc62e elementor-widget elementor-widget-text-editor\" data-id=\"08cc62e\" data-element_type=\"widget\" data-widget_type=\"text-editor.default\">\n\t\t\t\t<div class=\"elementor-widget-container\">\n\t\t\t\t\t\t\t<p><strong>ENABLED<\/strong>: abilita o disabilit\u00e0 Rewix Plugin<\/p><p><strong>SELECT INTEGRATION TYPE<\/strong>: la tipologia di integrazione \u00e8 quella <em>Dropshipping<\/em> o\u00a0<em>Remote Supplier<\/em>. Leggi la descrizione nell\u2019apposita <a class=\"link-tabelle\" href=\"https:\/\/app.rewixecommerce.com\/it\/magento-guida-workflow\/\">sezione della Guida<\/a><\/p><p><strong>IMPORT IMAGES<\/strong>: abilita o disabilita l\u2019importazione delle immagini dal Fornitore<\/p><p><strong>API URL<\/strong>: URL del sito Web del fornitore da cui si desidera importare prodotti e inviare ordini.<\/p><p><strong>API KEY<\/strong>: attivando un abbonamento di dropshipping con il tuo Fornitore, avrai un tuo account nella piattaforma del tuo Fornitore che ti permetter\u00e0 di accedere ad una tua area personale nella quale potrai gestire gli ordini. In questa area personale, all\u2019interno di troverai la API Key. Questa API Key sar\u00e0 associata al tuo account abilitato a utilizzare l\u2019integrazione tra il tuo ecommerce e quello del tuo Fornitore.<\/p><p><strong>API PASSWORD<\/strong>: questa password \u00e8 quella che utilizzi per accedere alla piattaforma ecommerce del tuo Fornitore. Quando attivi un abbonamento di dropshipping con il tuo Fornitore, dovrai creare un account per accedere alla sua piattaforma. ATTENZIONE: Ricordati la password scelta in fase di creazione del tuo account, perch\u00e8 sar\u00e0 la API password che dovrai utilizzare quando configurerai il Plugin Rewix.<\/p><p><strong>VERBOSE LOG <\/strong>: rende visibili i messaggi di debug nei Log files<\/p><p class=\"p1\"><span class=\"s1\"><strong>PRODUCT<\/strong> <strong>TYPE<\/strong>: disponibile dalla versione 1.0.0., consente di impostare i prodotti importati come configurabili o raggruppati. <\/span><\/p><p class=\"p1\"><span class=\"s1\">(Nota: se questo valore viene modificato, tutti i prodotti verranno reimportati e i prezzi verranno aggiornati conformemente alle impostazioni seguenti e qualsiasi personalizzazione effettuata sul prodotto importato verr\u00e0 sovrascritta dalla procedura)<\/span><\/p><p class=\"p1\"><strong>BRAND ATTRIBUTE<\/strong> : l\u2019attributo Magento in cui verranno importati i marchi del prodotto. Vedi le note sotto per maggiori dettagli.<\/p><p class=\"p1\"><strong>SIZE ATTRIBUTE<\/strong>: (disponibile dalla 1.0.0) l\u2019attributo Magento in cui sono memorizzate le informazioni sulla dimensione. Vedi le note sotto per maggiori dettagli.<\/p><p class=\"p1\"><strong>GENDER ATTRIBUTE<\/strong>: (disponibile dalla 1.0.0) l\u2019attributo Magento in cui sono memorizzate le informazioni di genere. Vedi le note sotto per maggiori dettagli.<\/p><p class=\"p1\"><strong>COLOR ATTRIBUTE<\/strong>: (disponibile dalla 1.0.0) l\u2019attributo Magento in cui sono memorizzate le informazioni sul colore. Vedi le note sotto per maggiori dettagli.<\/p><p class=\"p1\"><strong>BARCODE ATTRIBUTE<\/strong>: (disponibile dalla 1.0.5) l\u2019attributo Magento in cui sono memorizzate le informazioni sul codice a barre \/ EAN13. Vedi le note sotto per maggiori dettagli.<\/p><p class=\"p1\"><strong>CATEGORY STRUCTURE<\/strong>: (disponibile dalla 1.1.0) la struttura della categoria da importare. Sono disponibili 3 opzioni.<\/p><ul><li class=\"p1\">L\u2019opzione 1 \u00e8 la struttura predefinita. Include categorie -&gt; sottocategorie;<\/li><li class=\"p1\">L\u2019opzione 2 include categoria -&gt; sottocategoria e genere -&gt; categorie -&gt; sottocategorie;<\/li><li class=\"p1\">L\u2019opzione 3 include categoria -&gt; sottocategoria e genere -&gt; categorie -&gt; sottocategorie e marchi.<\/li><\/ul><p><strong>BRAND CATEGORY<\/strong>: (disponibile dall\u20191.0.0) se l\u2019opzione <em>Category Structure<\/em>\u00a0 include marca, questa configurazione \u00e8 disponibile ed \u00e8 necessario scegliere una categoria di primo livello che sar\u00e0 la categoria principale per ogni marchio importato.<\/p><p><strong>ENABLE VERBOSE LOG<\/strong>: il testo del LOG contiene informazioni pi\u00f9 dettagliate.<\/p><p>(Consiglio: abilitare questa opzione se si riscontrano dei bug; questo registro contiene informazioni molto utili in caso di errori)<\/p>\t\t\t\t\t\t<\/div>\n\t\t\t\t<\/div>\n\t\t\t\t<div class=\"elementor-element elementor-element-04c48c5 elementor-alert-info elementor-widget elementor-widget-alert\" data-id=\"04c48c5\" data-element_type=\"widget\" data-widget_type=\"alert.default\">\n\t\t\t\t<div class=\"elementor-widget-container\">\n\t\t\t\t\t<div class=\"elementor-alert\" role=\"alert\">\n\n\t\t\t\t\t\t<span class=\"elementor-alert-title\">ATTENZIONE<\/span>\n\t\t\t\n\t\t\t\t\t\t<span class=\"elementor-alert-description\">Tutti gli attributi devono essere stati creati \/ modificati nel Catalog -> Attributes -> Manage Attributes. Questi attributi devono avere scope Global, type Dropdown  (ad eccezione del codice a barre che deve essere TextField e Unique Value impostato su S\u00ec) e devono essere inclusi nel Default Attribute Set by Catalog -> Attributes -> Manage Attribute Sets e trascinare attributi dalla casella giusta alle categorie correlate.<\/span>\n\t\t\t\n\t\t\t\t\t\t<button type=\"button\" class=\"elementor-alert-dismiss\">\n\t\t\t\t\t\t\t\t\t<span aria-hidden=\"true\">&times;<\/span>\n\t\t\t\t\t\t\t\t<span class=\"elementor-screen-only\">Ignora questo avviso.<\/span>\n\t\t\t<\/button>\n\t\t\t\n\t\t<\/div>\n\t\t\t\t<\/div>\n\t\t\t\t<\/div>\n\t\t\t\t<div class=\"elementor-element elementor-element-7ddffee elementor-widget elementor-widget-heading\" data-id=\"7ddffee\" data-element_type=\"widget\" data-widget_type=\"heading.default\">\n\t\t\t\t<div class=\"elementor-widget-container\">\n\t\t\t<h2 class=\"elementor-heading-title elementor-size-default\">Configurazione dei Prezzi <\/h2>\t\t<\/div>\n\t\t\t\t<\/div>\n\t\t\t\t<div class=\"elementor-element elementor-element-d0e2a15 elementor-widget elementor-widget-text-editor\" data-id=\"d0e2a15\" data-element_type=\"widget\" data-widget_type=\"text-editor.default\">\n\t\t\t\t<div class=\"elementor-widget-container\">\n\t\t\t\t\t\t\t<div class=\"wpb_text_column wpb_content_element \"><div class=\"wpb_wrapper\"><div class=\"wpb_column vc_column_container vc_col-sm-9\"><div class=\"vc_column-inner\"><div class=\"wpb_wrapper\"><div class=\"wpb_text_column wpb_content_element \"><div class=\"wpb_wrapper\"><p><strong>SELECTED BASE PRICE<\/strong>. Il Plugin Rewix ti permette di impostare i prezzi di vendita a partire dai prezzi importati dal fornitore. In questo modo, se il fornitore cambia i prezzi di vendita, non correrai il rischio di perdere margine in quanto il tuo prezzo di vendita sar\u00e0 calcolato in automatico secondo le regole di prezzo da te impostate.<\/p><p>I prezzi importati dal fornitore sono:<\/p><ul><li><strong>Taxable Price<\/strong>: prezzo di vendita del tuo fornitore (senza IVA) visibile nel sito del tuo fornitore;<\/li><li><strong>Best Taxable:\u00a0<\/strong>prezzo di vendita scontato (senza IVA) assegnato ai prodotti che sono attualmente in vendita temporanea sul sito del fornitore (inferiore al Taxable Price). Se il prodotto non \u00e8 in vendita temporanea, i taxable price e i best taxable sono uguali. ATTENZIONE: i prezzi dei prodotti che importi con il prezzo Best Taxable, una volta terminata la promozione, non saranno aggiornati sul tuo sito. Pertanto se calcoli il tuo markup (margine) a partire dal Best Taxable, in caso di aumento dei prezzi da parte del Fornitore, potrai ritrovarti a guadagnare un margine minore;<\/li><li><strong>Street Price<\/strong>: questo prezzo \u00e8 quello che trovi barrato sul sito del tuo fornitore ed indica il prezzo di listino di vendita al cliente finale b2c (tipicamente calcolato sul mercato Europeo)<\/li><\/ul><p>Puoi impostare in automatico il calcolo dei tuoi prezzi di vendita definendo un markup che viene calcolato sul Taxable Price oppure sul Best Taxable oppure sullo Street Price.<\/p><p>In questa fase della configurazione puoi decidere qual \u00e8 il prezzo di riferimento in base al quale calcolare il tuo markup.<\/p><p><strong>SHOW BARRED STREET PRICE.\u00a0<\/strong>(disponibile fino alla versione 0.6.1): se selezionato, il prezzo del prodotto verr\u00e0 impostato sullo street price. Il Prezzo Speciale verr\u00e0 impostato in base alle regole di markup specificate di seguito. Se non selezionato, sia il prezzo che il prezzo speciale verranno impostati in base alle regole di markup specificate di seguito.<\/p><p><strong>MARKUP<\/strong>.\u00a0 In questa configurazione devi scegliere qual \u00e8 il markup desiderato da aggiungere al prezzo base nei calcoli automatici del prezzo di vendita, durante la procedura di importazione.<\/p><p>Il prezzo finale di vendita \u00e8 calcolato come prezzo base + (prezzo base * (markup \/ 100))<\/p><p><strong>CONVERSION COEFFICIENT<\/strong>.\u00a0 Se il tuo negozio non utilizza la stessa valuta del Fornitore da cui stai importando i prodotti, puoi impostare qui il tasso di conversione della valuta.<\/p><p><strong>TAX RULE.\u00a0\u00a0<\/strong>Questo parametro ti permette di configurare la regola relativa alla tassazione da assegnare ai prodotti che verranno importati con Rewix Plugin. Le regole fiscali sono prese direttamente dalle regole fiscali dichiarate di Magento, quindi la combinazione sar\u00e0 dinamica.<\/p><p><strong>TAX RATE.\u00a0<\/strong>L\u2019aliquota fiscale Magento da utilizzare durante l\u2019importazione di prodotti. Questo valore deve essere selezionato in base all\u2019aliquota fiscale predefinita fornita dalla Regola fiscale scelta sopra.<\/p><p><strong>ROUND PRICE.\u00a0<\/strong>Il calcolo in automatico del prezzo di vendita pu\u00f2 determinare dei prezzi visivamente poco accattivanti per il tuo shop. Il Plugin Rewix ti permette di configurare in modo automatico il\u00a0<strong>tipo di arrotondamento dei prezzi.<\/strong>\u00a0E\u2019 possibile infatti impostare un arrotondamento:<\/p><ul><li>Nullo, ovvero il prezzo di vendita \u00e8 esattamente uguale al calcolo matematico pre-impostato;<\/li><li>Arrotondamento a xxx.99 ovvero ad esempio 23,99;<\/li><li>Arrotondamento a xx9.00 ovvero ad esempio 29,00;<\/li><li>Arrotondamento a xx9.99 ovvero ad esempio 29,99;<\/li><\/ul><p>La definizione del prezzo di vendita \u00e8 quindi automatica ed immediata.<\/p><\/div><\/div><\/div><\/div><\/div><\/div><\/div>\t\t\t\t\t\t<\/div>\n\t\t\t\t<\/div>\n\t\t\t\t\t<\/div>\n\t\t<\/div>\n\t\t\t\t\t<\/div>\n\t\t<\/section>\n\t\t\t\t<\/div>\n\t\t","protected":false},"excerpt":{"rendered":"<p>Configurazione Magento I Guida Plugin Rewix Magento I Workflow Installazione &#8211; Configurazione Importazione Prodotti Gestione Prodotti Status Versioni Come configurare il Plugin Rewix per Magento I Se non avete ancora installato il Plugin Rewix, seguite la procedura guidata alla pagina Procedura di installazione. Prima di poter utilizzare il Plugin Rewix \u00e8 necessario configurarlo correttamente. ATTENZIONE <\/p>\n","protected":false},"author":689,"featured_media":0,"parent":0,"menu_order":0,"comment_status":"closed","ping_status":"closed","template":"","meta":{"footnotes":""},"class_list":["post-79330","page","type-page","status-publish","hentry"],"aioseo_notices":[],"_links":{"self":[{"href":"https:\/\/app.rewixecommerce.com\/it\/wp-json\/wp\/v2\/pages\/79330"}],"collection":[{"href":"https:\/\/app.rewixecommerce.com\/it\/wp-json\/wp\/v2\/pages"}],"about":[{"href":"https:\/\/app.rewixecommerce.com\/it\/wp-json\/wp\/v2\/types\/page"}],"author":[{"embeddable":true,"href":"https:\/\/app.rewixecommerce.com\/it\/wp-json\/wp\/v2\/users\/689"}],"replies":[{"embeddable":true,"href":"https:\/\/app.rewixecommerce.com\/it\/wp-json\/wp\/v2\/comments?post=79330"}],"version-history":[{"count":5,"href":"https:\/\/app.rewixecommerce.com\/it\/wp-json\/wp\/v2\/pages\/79330\/revisions"}],"predecessor-version":[{"id":79341,"href":"https:\/\/app.rewixecommerce.com\/it\/wp-json\/wp\/v2\/pages\/79330\/revisions\/79341"}],"wp:attachment":[{"href":"https:\/\/app.rewixecommerce.com\/it\/wp-json\/wp\/v2\/media?parent=79330"}],"curies":[{"name":"wp","href":"https:\/\/api.w.org\/{rel}","templated":true}]}}