{"id":79311,"date":"2021-03-18T08:32:17","date_gmt":"2021-03-18T08:32:17","guid":{"rendered":"https:\/\/app.rewixecommerce.com\/prestashop-import-products-guide\/"},"modified":"2021-03-18T09:31:47","modified_gmt":"2021-03-18T09:31:47","slug":"prestashop-guida-importazione-prodotti","status":"publish","type":"page","link":"https:\/\/app.rewixecommerce.com\/it\/prestashop-guida-importazione-prodotti\/","title":{"rendered":"Importazione Prodotti Prestashop"},"content":{"rendered":"\t\t<div data-elementor-type=\"wp-page\" data-elementor-id=\"79311\" class=\"elementor elementor-79311 elementor-79303\">\n\t\t\t\t\t\t<section class=\"elementor-section elementor-top-section elementor-element elementor-element-d7eed0e elementor-section-stretched elementor-section-full_width elementor-section-height-default elementor-section-height-default\" data-id=\"d7eed0e\" data-element_type=\"section\" data-settings=\"{&quot;stretch_section&quot;:&quot;section-stretched&quot;,&quot;background_background&quot;:&quot;classic&quot;}\">\n\t\t\t\t\t\t<div class=\"elementor-container elementor-column-gap-default\">\n\t\t\t\t\t<div class=\"elementor-column elementor-col-100 elementor-top-column elementor-element elementor-element-1f7f3e9\" data-id=\"1f7f3e9\" data-element_type=\"column\">\n\t\t\t<div class=\"elementor-widget-wrap elementor-element-populated\">\n\t\t\t\t\t\t<div class=\"elementor-element elementor-element-a284f4d elementor-widget elementor-widget-heading\" data-id=\"a284f4d\" data-element_type=\"widget\" data-widget_type=\"heading.default\">\n\t\t\t\t<div class=\"elementor-widget-container\">\n\t\t\t<h1 class=\"elementor-heading-title elementor-size-default\">Importazione Prodotti Prestashop <\/h1>\t\t<\/div>\n\t\t\t\t<\/div>\n\t\t\t\t\t<\/div>\n\t\t<\/div>\n\t\t\t\t\t<\/div>\n\t\t<\/section>\n\t\t\t\t<section class=\"elementor-section elementor-top-section elementor-element elementor-element-84650ae elementor-section-boxed elementor-section-height-default elementor-section-height-default\" data-id=\"84650ae\" data-element_type=\"section\">\n\t\t\t\t\t\t<div class=\"elementor-container elementor-column-gap-default\">\n\t\t\t\t\t<div class=\"elementor-column elementor-col-33 elementor-top-column elementor-element elementor-element-32b0e7c\" data-id=\"32b0e7c\" data-element_type=\"column\" data-settings=\"{&quot;background_background&quot;:&quot;classic&quot;}\">\n\t\t\t<div class=\"elementor-widget-wrap elementor-element-populated\">\n\t\t\t\t\t\t<section class=\"elementor-section elementor-inner-section elementor-element elementor-element-062dfb6 elementor-section-boxed elementor-section-height-default elementor-section-height-default\" data-id=\"062dfb6\" data-element_type=\"section\" data-settings=\"{&quot;background_background&quot;:&quot;classic&quot;}\">\n\t\t\t\t\t\t<div class=\"elementor-container elementor-column-gap-default\">\n\t\t\t\t\t<div class=\"elementor-column elementor-col-100 elementor-inner-column elementor-element elementor-element-7eb4289\" data-id=\"7eb4289\" data-element_type=\"column\" data-settings=\"{&quot;background_background&quot;:&quot;classic&quot;}\">\n\t\t\t<div class=\"elementor-widget-wrap elementor-element-populated\">\n\t\t\t\t\t\t<div class=\"elementor-element elementor-element-572d205 elementor-widget elementor-widget-heading\" data-id=\"572d205\" data-element_type=\"widget\" data-widget_type=\"heading.default\">\n\t\t\t\t<div class=\"elementor-widget-container\">\n\t\t\t<h2 class=\"elementor-heading-title elementor-size-default\">Guida Plugin Rewix Prestashop<\/h2>\t\t<\/div>\n\t\t\t\t<\/div>\n\t\t\t\t<div class=\"elementor-element elementor-element-af319d0 elementor-widget elementor-widget-text-editor\" data-id=\"af319d0\" data-element_type=\"widget\" data-widget_type=\"text-editor.default\">\n\t\t\t\t<div class=\"elementor-widget-container\">\n\t\t\t\t\t\t\t<div class=\"wpb_text_column wpb_content_element \"><div class=\"wpb_wrapper\"><p><a class=\"link-guida\" href=\"https:\/\/app.rewixecommerce.com\/it\/prestashop-guida-installazione\/\">Installazione<\/a><\/p><p><a class=\"link-guida\" href=\"https:\/\/app.rewixecommerce.com\/it\/prestashop-guida-configurazione\/\">Configurazione<\/a><\/p><p><a class=\"link-guida active\" href=\"https:\/\/app.rewixecommerce.com\/it\/prestashop-guida-importazione-prodotti\/\">&#8211; Importazione Prodotti<\/a><\/p><p><a class=\"link-guida\" href=\"https:\/\/app.rewixecommerce.com\/it\/prestashop-guida-faq\/\">FAQ<\/a><\/p><p><a class=\"link-guida\" href=\"https:\/\/app.rewixecommerce.com\/it\/prestashop-guida-versioni\/\"> Versioni<\/a><\/p><\/div><\/div>\t\t\t\t\t\t<\/div>\n\t\t\t\t<\/div>\n\t\t\t\t\t<\/div>\n\t\t<\/div>\n\t\t\t\t\t<\/div>\n\t\t<\/section>\n\t\t\t\t\t<\/div>\n\t\t<\/div>\n\t\t\t\t<div class=\"elementor-column elementor-col-66 elementor-top-column elementor-element elementor-element-12d4e1d\" data-id=\"12d4e1d\" data-element_type=\"column\">\n\t\t\t<div class=\"elementor-widget-wrap elementor-element-populated\">\n\t\t\t\t\t\t<div class=\"elementor-element elementor-element-b5f6d41 elementor-widget elementor-widget-heading\" data-id=\"b5f6d41\" data-element_type=\"widget\" data-widget_type=\"heading.default\">\n\t\t\t\t<div class=\"elementor-widget-container\">\n\t\t\t<h2 class=\"elementor-heading-title elementor-size-default\">Come importare i prodotti con il Plugin Rewix per Prestashop <\/h2>\t\t<\/div>\n\t\t\t\t<\/div>\n\t\t\t\t<div class=\"elementor-element elementor-element-ab9b741 elementor-widget elementor-widget-text-editor\" data-id=\"ab9b741\" data-element_type=\"widget\" data-widget_type=\"text-editor.default\">\n\t\t\t\t<div class=\"elementor-widget-container\">\n\t\t\t\t\t\t\t<div class=\"wpb_text_column wpb_content_element \"><div class=\"wpb_wrapper\"><div class=\"wpb_text_column wpb_content_element \"><div class=\"wpb_wrapper\"><p>Questa sezione \u00e8 dedicata alla procedura di importazione dei prodotti dal sito ecommerce del tuo fornitore.<\/p><p><em>Product Import<\/em> si visualizzer\u00e0 cliccando su <em><strong>Rewix Plugin -&gt; Import Products<\/strong> <\/em>nella sidebar a sinistra del pannello di amministrazione. Potrai quindi visualizzare una\u00a0 tabella contenente tutti i prodotti disponibili nel magazzino del fornitore.<\/p><\/div><\/div><\/div><\/div>\t\t\t\t\t\t<\/div>\n\t\t\t\t<\/div>\n\t\t\t\t<div class=\"elementor-element elementor-element-56ffe09 elementor-widget elementor-widget-image\" data-id=\"56ffe09\" data-element_type=\"widget\" data-widget_type=\"image.default\">\n\t\t\t\t<div class=\"elementor-widget-container\">\n\t\t\t\t\t\t\t\t\t\t\t\t\t<img fetchpriority=\"high\" decoding=\"async\" width=\"740\" height=\"491\" src=\"https:\/\/app.rewixecommerce.com\/wp-content\/uploads\/2021\/03\/bs-import-products-1024x680.png\" class=\"attachment-large size-large wp-image-79292\" alt=\"\" srcset=\"https:\/\/app.rewixecommerce.com\/wp-content\/uploads\/2021\/03\/bs-import-products-1024x680.png 1024w, https:\/\/app.rewixecommerce.com\/wp-content\/uploads\/2021\/03\/bs-import-products-300x199.png 300w, https:\/\/app.rewixecommerce.com\/wp-content\/uploads\/2021\/03\/bs-import-products-768x510.png 768w, https:\/\/app.rewixecommerce.com\/wp-content\/uploads\/2021\/03\/bs-import-products-750x498.png 750w, https:\/\/app.rewixecommerce.com\/wp-content\/uploads\/2021\/03\/bs-import-products-500x332.png 500w, https:\/\/app.rewixecommerce.com\/wp-content\/uploads\/2021\/03\/bs-import-products.png 1272w\" sizes=\"(max-width: 740px) 100vw, 740px\" \/>\t\t\t\t\t\t\t\t\t\t\t\t\t<\/div>\n\t\t\t\t<\/div>\n\t\t\t\t<div class=\"elementor-element elementor-element-e257803 elementor-widget elementor-widget-text-editor\" data-id=\"e257803\" data-element_type=\"widget\" data-widget_type=\"text-editor.default\">\n\t\t\t\t<div class=\"elementor-widget-container\">\n\t\t\t\t\t\t\t<div class=\"wpb_text_column wpb_content_element \"><div class=\"wpb_wrapper\"><p>Questa tabella pu\u00f2 essere filtrata in molti modi per selezionare solo i prodotti da importare. I filtri possono essere applicati utilizzando il pulsante <strong>&lt;Cerca&gt;<\/strong> nell\u2019angolo in alto a destra della tabella.<\/p><p>Utilizzando il pulsante <strong>&lt;Reimposta filtri&gt;<\/strong>\u00a0 \u00e8 possibile ripristinare la situazione iniziale.<\/p><\/div><\/div>\t\t\t\t\t\t<\/div>\n\t\t\t\t<\/div>\n\t\t\t\t<div class=\"elementor-element elementor-element-652f1fa elementor-alert-info elementor-widget elementor-widget-alert\" data-id=\"652f1fa\" data-element_type=\"widget\" data-widget_type=\"alert.default\">\n\t\t\t\t<div class=\"elementor-widget-container\">\n\t\t\t\t\t<div class=\"elementor-alert\" role=\"alert\">\n\n\t\t\t\t\t\t<span class=\"elementor-alert-title\">ATTENZIONE<\/span>\n\t\t\t\n\t\t\t\t\t\t<span class=\"elementor-alert-description\">I filtri rimangono applicati anche se navighi in altre pagine del tuo backend Prestashop!\n<\/span>\n\t\t\t\n\t\t\t\t\t\t<button type=\"button\" class=\"elementor-alert-dismiss\">\n\t\t\t\t\t\t\t\t\t<span aria-hidden=\"true\">&times;<\/span>\n\t\t\t\t\t\t\t\t<span class=\"elementor-screen-only\">Ignora questo avviso.<\/span>\n\t\t\t<\/button>\n\t\t\t\n\t\t<\/div>\n\t\t\t\t<\/div>\n\t\t\t\t<\/div>\n\t\t\t\t<div class=\"elementor-element elementor-element-d0593ea elementor-widget elementor-widget-text-editor\" data-id=\"d0593ea\" data-element_type=\"widget\" data-widget_type=\"text-editor.default\">\n\t\t\t\t<div class=\"elementor-widget-container\">\n\t\t\t\t\t\t\t<div class=\"wpb_text_column wpb_content_element \"><div class=\"wpb_wrapper\"><p><strong>REMOTE ID<\/strong>\u00a0: questo \u00e8 l\u2019ID del prodotto sul sito ecommerce del tuo fornitore;<br \/><strong>IMAGE<\/strong>: mostra una miniatura dell\u2019immagine principale del prodotto;<br \/><strong>NAME<\/strong>: descrizione del prodotto;<br \/><strong>SKU<\/strong>: codice associato ai prodotti sul sito ecommerce del fornitore, che verr\u00e0 associato all\u2019attributo SKU del tuo sito Prestashop;<br \/><strong>CATEGORY<\/strong>: questo campo popoler\u00e0 i livelli della gerarchia di categorie del tuo sito ecommerce;<br \/><strong>BRAND<\/strong>: l\u2019attributo brand pu\u00f2 essere importato in un attributo che pu\u00f2 essere scelto nella fase di\u00a0Configurazione;<br \/><strong>GENDER<\/strong>: l\u2019attributo genere pu\u00f2 essere importato in un attributo che pu\u00f2 essere scelto nella fase di\u00a0Configurazione;<br \/><strong>AVAILABILITY<\/strong>\u2018: l\u2019attuale disponibilit\u00e0 di ogni singolo prodotto. Questa \u00e8 la disponibilit\u00e0 complessiva, somma delle disponibilit\u00e0 di tutti i modelli in un prodotto definito;<br \/><strong>BEST TAXABLE, TAXABLE STREET PRICE:\u00a0<\/strong>prezzo di vendita del tuo fornitore (senza IVA) ,prezzo di vendita scontato (senza IVA) assegnato ai prodotti che sono attualmente in vendita temporanea sul sito del fornitore;<br \/><strong>PROPOSED PRICE<\/strong>: \u00e8 il prezzo che verr\u00e0 importato come prezzo di vendita di Prestashop ( a seconda delle impostazioni del PLUGIN REWIX, potrebbe essere il prezzo di vendita o il prezzo di vendita scontato ).<\/p><p>L\u2019interfaccia offre la possibilit\u00e0 di filtrare per: marca, categoria, sottocategoria e genere. Ogni volta che i prodotti da importare vengono filtrati (il pulsante Cerca \u00e8 stato premuto e la tabella \u00e8 stata ricaricata), \u00e8 possibile selezionare i prodotti da importare con le caselle di controllo a sinistra o facendo clic su <strong>&lt;Seleziona visibile&gt;<\/strong> per selezionare tutti i prodotti nella pagina dei risultati corrente.<\/p><p>Per importare i prodotti selezionati scegli<strong> &lt;Importa&gt;<\/strong> dal menu a discesa nell\u2019angolo in alto a destra della tabella e clicca <strong>&lt;Applica&gt;<\/strong> per avviare la procedura di importazione.<\/p><p>I prodotti elencati vengono messi in coda in una tabella di database speciale e importati ogni 5 minuti in lotti di 30 elementi. \u00c8 possibile tenere traccia dell\u2019avanzamento della procedura nella pagina di stato.<\/p><\/div><\/div>\t\t\t\t\t\t<\/div>\n\t\t\t\t<\/div>\n\t\t\t\t<div class=\"elementor-element elementor-element-29047b3 elementor-widget elementor-widget-heading\" data-id=\"29047b3\" data-element_type=\"widget\" data-widget_type=\"heading.default\">\n\t\t\t\t<div class=\"elementor-widget-container\">\n\t\t\t<h2 class=\"elementor-heading-title elementor-size-default\">Lo Status di Rewix Plugin <\/h2>\t\t<\/div>\n\t\t\t\t<\/div>\n\t\t\t\t<div class=\"elementor-element elementor-element-8ae058e elementor-widget elementor-widget-text-editor\" data-id=\"8ae058e\" data-element_type=\"widget\" data-widget_type=\"text-editor.default\">\n\t\t\t\t<div class=\"elementor-widget-container\">\n\t\t\t\t\t\t\t<div class=\"wpb_text_column wpb_content_element \"><div class=\"wpb_wrapper\"><div class=\"wpb_text_column wpb_content_element \"><div class=\"wpb_wrapper\"><p class=\"p1\">La pagina di stato offre informazioni utili sulla configurazione del modulo e sullo stato della sincronizzazione. \u00c8 diviso in:<\/p><\/div><\/div><\/div><\/div>\t\t\t\t\t\t<\/div>\n\t\t\t\t<\/div>\n\t\t\t\t<div class=\"elementor-element elementor-element-7e271bb elementor-widget elementor-widget-image\" data-id=\"7e271bb\" data-element_type=\"widget\" data-widget_type=\"image.default\">\n\t\t\t\t<div class=\"elementor-widget-container\">\n\t\t\t\t\t\t\t\t\t\t\t\t\t<img decoding=\"async\" width=\"740\" height=\"521\" src=\"https:\/\/app.rewixecommerce.com\/wp-content\/uploads\/2019\/11\/status-rewix-prestashop-1-1024x721.png\" class=\"attachment-large size-large wp-image-75517\" alt=\"\" srcset=\"https:\/\/app.rewixecommerce.com\/wp-content\/uploads\/2019\/11\/status-rewix-prestashop-1-1024x721.png 1024w, https:\/\/app.rewixecommerce.com\/wp-content\/uploads\/2019\/11\/status-rewix-prestashop-1-500x352.png 500w, https:\/\/app.rewixecommerce.com\/wp-content\/uploads\/2019\/11\/status-rewix-prestashop-1-300x211.png 300w, https:\/\/app.rewixecommerce.com\/wp-content\/uploads\/2019\/11\/status-rewix-prestashop-1-768x541.png 768w, https:\/\/app.rewixecommerce.com\/wp-content\/uploads\/2019\/11\/status-rewix-prestashop-1.png 1200w\" sizes=\"(max-width: 740px) 100vw, 740px\" \/>\t\t\t\t\t\t\t\t\t\t\t\t\t<\/div>\n\t\t\t\t<\/div>\n\t\t\t\t<div class=\"elementor-element elementor-element-f2efda0 elementor-widget elementor-widget-text-editor\" data-id=\"f2efda0\" data-element_type=\"widget\" data-widget_type=\"text-editor.default\">\n\t\t\t\t<div class=\"elementor-widget-container\">\n\t\t\t\t\t\t\t<div class=\"wpb_text_column wpb_content_element \"><div class=\"wpb_wrapper\"><div class=\"wpb_text_column wpb_content_element \"><div class=\"wpb_wrapper\"><div class=\"wpb_text_column wpb_content_element \"><div class=\"wpb_wrapper\"><div class=\"wpb_text_column wpb_content_element \"><div class=\"wpb_wrapper\"><div class=\"wpb_text_column wpb_content_element \"><div class=\"wpb_wrapper\"><p><strong>Version<\/strong>: la tua versione Prestashop e la versione di Rewix Plugin<br \/><strong>API Connection Status<\/strong>: URL dropshipper e API configurati. Lo stato spiega lo stato corrente della configurazione, i possibili valori possono essere:<\/p><ul><li><em>Ok<\/em>:\u00a0 tutto funziona correttamente;<\/li><li><em>Unauthorized<\/em>: il tuo URL \u00e8 valido, ma la tua chiave API non \u00e8 abilitata dal tuo dropshipper. Contatta il tuo fornitore;<\/li><li><em>Connection Error<\/em>: la connessione non \u00e8 valida. Controlla la tua configurazione;<\/li><li><em>Request Error<\/em>: il tuo URL non \u00e8 valido. Controlla la tua configurazione.<\/li><\/ul><p><strong>Server Information<\/strong>: informazioni utili sulla configurazione del server.<br \/><strong>Products<\/strong>: informazioni sulla coda di importazione corrente.<\/p><ul><li><em>Queued products<\/em>: numero di prodotti che verranno importati dalla procedura;<\/li><li><em>Imported products<\/em>:\u00a0prodotti importati con successo.<\/li><\/ul><p><strong>Log<\/strong>: messaggi dal modulo. \u00c8 possibile scaricare il registro premendo il pulsante Download.<br \/><strong>Status<\/strong>: elenco di prodotti in coda o gi\u00e0 importati con i seguenti dati:<\/p><ul><li><em>Remote ID<\/em>:: ID dalla piattaforma remota;<\/li><li><em>PS ID<\/em>: ID Prestashop, se il prodotto \u00e8 stato importato, \u00e8 un numero diverso da 0 ( zero );<\/li><li><em>Status:<\/em> codice di stato, se il prodotto \u00e8 stato importato, il suo stato viene aggiornato;<\/li><li><em>Reason<\/em>:\u00a0 se la procedura di importazione non \u00e8 riuscita a importare un prodotto, qui viene riportato il messaggio di errore. Si prega di includere questi dati quando si segnalano errori;<\/li><li><em>Last sync date<\/em>:\u00a0 l\u2019ultima volta che un prodotto \u00e8 stato importato;<\/li><li><em>Priority<\/em>:\u00a0\u00a0se la priorit\u00e0 \u00e8 superiore a 0 ( zero ), significa che la procedura di importazione ha tentato di elaborare il prodotto un certo numero di volte.<\/li><\/ul><\/div><\/div><\/div><\/div><\/div><\/div><\/div><\/div><\/div><\/div>\t\t\t\t\t\t<\/div>\n\t\t\t\t<\/div>\n\t\t\t\t<div class=\"elementor-element elementor-element-72684df elementor-widget elementor-widget-image\" data-id=\"72684df\" data-element_type=\"widget\" data-widget_type=\"image.default\">\n\t\t\t\t<div class=\"elementor-widget-container\">\n\t\t\t\t\t\t\t\t\t\t\t\t\t<img decoding=\"async\" width=\"740\" height=\"521\" src=\"https:\/\/app.rewixecommerce.com\/wp-content\/uploads\/2021\/03\/bs-status-2-1024x721.png\" class=\"attachment-large size-large wp-image-79294\" alt=\"\" srcset=\"https:\/\/app.rewixecommerce.com\/wp-content\/uploads\/2021\/03\/bs-status-2-1024x721.png 1024w, https:\/\/app.rewixecommerce.com\/wp-content\/uploads\/2021\/03\/bs-status-2-300x211.png 300w, https:\/\/app.rewixecommerce.com\/wp-content\/uploads\/2021\/03\/bs-status-2-768x541.png 768w, https:\/\/app.rewixecommerce.com\/wp-content\/uploads\/2021\/03\/bs-status-2-750x528.png 750w, https:\/\/app.rewixecommerce.com\/wp-content\/uploads\/2021\/03\/bs-status-2-500x352.png 500w, https:\/\/app.rewixecommerce.com\/wp-content\/uploads\/2021\/03\/bs-status-2.png 1200w\" sizes=\"(max-width: 740px) 100vw, 740px\" \/>\t\t\t\t\t\t\t\t\t\t\t\t\t<\/div>\n\t\t\t\t<\/div>\n\t\t\t\t\t<\/div>\n\t\t<\/div>\n\t\t\t\t\t<\/div>\n\t\t<\/section>\n\t\t\t\t<\/div>\n\t\t","protected":false},"excerpt":{"rendered":"<p>Importazione Prodotti Prestashop Guida Plugin Rewix Prestashop Installazione Configurazione &#8211; Importazione Prodotti FAQ Versioni Come importare i prodotti con il Plugin Rewix per Prestashop Questa sezione \u00e8 dedicata alla procedura di importazione dei prodotti dal sito ecommerce del tuo fornitore. Product Import si visualizzer\u00e0 cliccando su Rewix Plugin -&gt; Import Products nella sidebar a sinistra <\/p>\n","protected":false},"author":689,"featured_media":0,"parent":0,"menu_order":0,"comment_status":"closed","ping_status":"closed","template":"","meta":{"footnotes":""},"class_list":["post-79311","page","type-page","status-publish","hentry"],"aioseo_notices":[],"_links":{"self":[{"href":"https:\/\/app.rewixecommerce.com\/it\/wp-json\/wp\/v2\/pages\/79311"}],"collection":[{"href":"https:\/\/app.rewixecommerce.com\/it\/wp-json\/wp\/v2\/pages"}],"about":[{"href":"https:\/\/app.rewixecommerce.com\/it\/wp-json\/wp\/v2\/types\/page"}],"author":[{"embeddable":true,"href":"https:\/\/app.rewixecommerce.com\/it\/wp-json\/wp\/v2\/users\/689"}],"replies":[{"embeddable":true,"href":"https:\/\/app.rewixecommerce.com\/it\/wp-json\/wp\/v2\/comments?post=79311"}],"version-history":[{"count":6,"href":"https:\/\/app.rewixecommerce.com\/it\/wp-json\/wp\/v2\/pages\/79311\/revisions"}],"predecessor-version":[{"id":79318,"href":"https:\/\/app.rewixecommerce.com\/it\/wp-json\/wp\/v2\/pages\/79311\/revisions\/79318"}],"wp:attachment":[{"href":"https:\/\/app.rewixecommerce.com\/it\/wp-json\/wp\/v2\/media?parent=79311"}],"curies":[{"name":"wp","href":"https:\/\/api.w.org\/{rel}","templated":true}]}}