{"id":78942,"date":"2020-09-03T17:42:32","date_gmt":"2020-09-03T17:42:32","guid":{"rendered":"https:\/\/app.rewixecommerce.com\/?page_id=78942"},"modified":"2020-09-30T10:03:11","modified_gmt":"2020-09-30T10:03:11","slug":"privacy-policy","status":"publish","type":"page","link":"https:\/\/app.rewixecommerce.com\/it\/privacy-policy\/","title":{"rendered":"Privacy Policy"},"content":{"rendered":"\t\t<div data-elementor-type=\"wp-page\" data-elementor-id=\"78942\" class=\"elementor elementor-78942 elementor-78528\">\n\t\t\t\t\t\t<section class=\"elementor-section elementor-top-section elementor-element elementor-element-999e958 elementor-section-boxed elementor-section-height-default elementor-section-height-default\" data-id=\"999e958\" data-element_type=\"section\">\n\t\t\t\t\t\t<div class=\"elementor-container elementor-column-gap-default\">\n\t\t\t\t\t<div class=\"elementor-column elementor-col-100 elementor-top-column elementor-element elementor-element-a589fc2\" data-id=\"a589fc2\" data-element_type=\"column\">\n\t\t\t<div class=\"elementor-widget-wrap elementor-element-populated\">\n\t\t\t\t\t\t<div class=\"elementor-element elementor-element-2d856c2 elementor-widget elementor-widget-heading\" data-id=\"2d856c2\" data-element_type=\"widget\" data-widget_type=\"heading.default\">\n\t\t\t\t<div class=\"elementor-widget-container\">\n\t\t\t<h2 class=\"elementor-heading-title elementor-size-default\">Informativa sul trattamento e protezione dei dati personali<\/h2>\t\t<\/div>\n\t\t\t\t<\/div>\n\t\t\t\t<div class=\"elementor-element elementor-element-bca3366 elementor-widget elementor-widget-text-editor\" data-id=\"bca3366\" data-element_type=\"widget\" data-widget_type=\"text-editor.default\">\n\t\t\t\t<div class=\"elementor-widget-container\">\n\t\t\t\t\t\t\t<div class=\"wpb_text_column wpb_content_element \"><div class=\"wpb_wrapper\"><p>La presente informativa descrive il trattamento dei dati personali immessi o raccolti sul sito app.dev.zero11.net ed \u00e8 resa ai sensi dell\u2019articolo 13 del Regolamento UE 679\/2016 (di seguito \u201cGDPR\u201d) e della normativa nazionale in tema di privacy e protezione dei dati personali applicabile.<\/p><h3>1. Identit\u00e0 e dati di contatto del titolare del trattamento dei dati<\/h3><p>Il titolare del trattamento dei Suoi dati personali \u00e8 Zero11 s.r.l., P.Iva 09333840016, Via Druento n. 280 \u2013 10078 Venaria Reale (TO) (di seguito \u201cTitolare\u201d), e-mail\u00a0<a class=\"link-tabelle\" href=\"mailto:privacy@zero11.it\">privacy@zero11.it<\/a>.<br \/>Nel caso in cui il Titolare si avvalga di responsabili o su-responsabili del trattamento ai sensi dell\u2019art. 28 GDPR L\u2019elenco aggiornato dei responsabili e degli incaricati al trattamento \u00e8 custodito presso la sede legale del Titolare.<\/p><h3>2. Quali tipologie di dati personali trattiamo<\/h3><p>Le tipologie di dati personali che raccogliamo dipendono dalla finalit\u00e0 per cui sono raccolti.<br \/>In generale, possiamo raccogliere direttamente da Lei le seguenti tipologie di dati personali (in seguito \u201cDati Personali\u201d):<\/p><ol><li>i dati personali di contatto, come ad esempio nome, cognome, indirizzo di posta elettronica, indirizzo, citt\u00e0, numero telefonico;<\/li><li>i dati personali forniti per garantire l\u2019utilizzo dei sistemi di pagamento (es. PayPAL, GestPAY) e l\u2019evasione logistica degli ordini effettuati;<\/li><li>i dati personali direttamente da Lei forniti per il tramite di comunicazioni o di allegati alle comunicazioni (ad es. dati bancari, dati societari)<\/li><li>dati d\u2019uso, di visualizzazione e tecnici, ivi compresi l\u2019identificativo del dispositivo o l\u2019indirizzo IP dell\u2019utente, il momento in cui l\u2019utente visita il sito, gli indirizzi in notazione URI (Uniform Resource Identifier) delle risorse richieste, l\u2019orario della richiesta, il metodo utilizzato nel sottoporre la richiesta al server, la dimensione del file ottenuto in risposta, il codice numerico indicante lo stato della risposta data dal server (buon fine, errore, ecc.) ed altri parametri relativi al sistema operativo e all\u2019ambiente informatico dell\u2019utente in seguito \u201cDati Personali\u201d.<\/li><\/ol><p>Il trattamento ha ad oggetto anche le operazioni, o il complesso di operazioni concernenti dati raccolti anche tramite utilizzo di cookie, la cui policy si richiama integralmente, visualizzabile al seguente link\u00a0<a class=\"link-tabelle\" href=\"https:\/\/app.rewixecommerce.com\/cookiepolicy\/\">Cookie Policy<\/a>.<\/p><h3>3. Perch\u00e9 trattiamo i suoi dati personali e su quali basi giuridiche<\/h3><p>Il trattamento dei Suoi Dati Personali da parte del Titolare avviene:<br \/>A) senza il Suo consenso espresso (art. 6 lett. b) \u2013 f) GDPR), per le seguenti finalit\u00e0:<\/p><ul><li>concludere contratti con il Titolare;<\/li><li>adempiere agli obblighi precontrattuali, contrattuali e fiscali derivanti da rapporti in essere;<\/li><li>adempiere agli obblighi previsti dalla legge, da un regolamento, dalla normativa comunitaria o da un ordine dell\u2019Autorit\u00e0;<\/li><li>perseguire un legittimo interesse del Titolare o di terzi, a condizione che non prevalgano i suoi interessi o i suoi diritti e le libert\u00e0 fondamentali che richiedono la protezione dei dati personali (ad es. il diritto di difesa in giudizio del Titolare)<\/li><\/ul><p>B) Solo previo Suo specifico e distinto consenso (art. 6 lett. a) e art. 7 GDPR), per le seguenti finalit\u00e0 di marketing:<\/p><ul><li>inviare via e-mail, posta e\/o sms e\/o contatti telefonici, newsletter, comunicazioni commerciali e\/o materiale pubblicitario su prodotti o servizi offerti dal Titolare e rilevazione del grado di soddisfazione sulla qualit\u00e0 dei servizi<\/li><\/ul><p>C) Solo previo Suo specifico e distinto consenso (art. 6 lett. a) e art. 7 GDPR), per le seguenti finalit\u00e0 di profilazione:<\/p><ul><li>inviare comunicazioni pubblicitarie, offerte e promozioni, via via e-mail, posta e\/o sms e\/o contatti telefonici, che siano coerenti con i Suoi interessi ed il Suo profilo di consumatore. La profilazione permetter\u00e0 al Titolare di personalizzare l\u2019offerta dei prodotti e servizi a Lei rivolta nel modo migliore. A tal fine, il Titolare valuter\u00e0 il tipo ed il numero di richieste di informazioni presentate, anche attraverso il sito Internet, gli acquisti di beni o servizi da Lei effettuati presso il Titolare, le Sue informazioni anagrafiche e di contatto (ad esempio il luogo di residenza), nonch\u00e9 le ulteriori informazioni a Lei relative che siano in nostro possesso (ad esempio la Sua et\u00e0 e professione).<\/li><\/ul><p>Qualora Lei abbia negato il suo consenso non sar\u00e0 possibile svolgere le predette attivit\u00e0 e in ogni caso qualora Lei abbia espresso il consenso alle attivit\u00e0 di trattamento, avr\u00e0 in ogni caso il diritto di revocare, in ogni momento, il consenso dato.<\/p><h3>4. Per quanto tempo conserviamo e trattiamo i suoi dati personali<\/h3><p>I Suoi Dati Personali saranno trattati dal Titolare per il solo periodo di tempo necessario al raggiungimento delle finalit\u00e0 del trattamento di cui al precedente articolo 3, dopodich\u00e9 verranno conservati unicamente in esecuzione degli obblighi di legge vigenti in materia, per finalit\u00e0 di tipo amministrativo e\/o per far valere o difendere un proprio diritto e, comunque, non oltre i termini fissati dalla legge per la prescrizione dei diritti.<\/p><p>In particolare, per finalit\u00e0 di marketing, i Suoi Dati Personali saranno conservati dal Titolare al massimo per due anni, mentre per le finalit\u00e0 di profilazione al massimo per un anno.<\/p><h3>5. Come trattiamo i suoi dati personali<\/h3><p>I Dati Personali sono sottoposti a trattamento sia cartaceo che elettronico e\/o automatizzato per il tempo necessario a conseguire gli scopi per cui sono raccolti da parte del Titolare o da parte di soggetti debitamente autorizzati e\/o incaricati all\u2019assolvimento di tali compiti, costantemente identificati e\/o nominati, opportunamente istruiti e resi edotti dai vincoli imposti dalla legge, nonch\u00e9 mediante l\u2019impiego di misure di sicurezza atte a garantire la tutela della riservatezza e ad evitare i rischi di perdita o distruzione, di accessi non autorizzati, di trattamenti non consentiti o non conformi alle finalit\u00e0 di cui sopra.<\/p><h3>6. A chi possiamo comunicare i suoi dati personali<\/h3><p>Per le finalit\u00e0 sopra indicate i Suoi Dati Personali potranno essere resi accessibili o comunicati:<br \/>\u2013 dipendenti e collaboratori del Titolare, nella loro qualit\u00e0 di addetti autorizzati al trattamento, nell\u2019ambito delle rispettive mansioni e in conformit\u00e0 alle istruzioni ricevute. Tali individui sono comunque soggetti agli obblighi di confidenzialit\u00e0 e riservatezza;<br \/>\u2013 a terzi soggetti che svolgono attivit\u00e0 in outsourcing per conto del Titolare ai quali sono affidate talune attivit\u00e0, o parte di esse, funzionali all\u2019erogazione e alla distribuzione dei servizi offerti tramite il sito (ad es. societ\u00e0 di hosting, programmatori, sistemisti e amministratori di database, centri di assistenza tecnica, operatori Internet e delle telecomunicazioni) ovvero la cui attivit\u00e0 sia connessa, strumentale o di supporto a quella del Titolare (ad es. software gestionali e\/o di marketing in cloud);<br \/>\u2013 a tutti quei soggetti pubblici e\/o privati, persone fisiche e\/o giuridiche (studi di consulenza legale, amministrativa e fiscale, societ\u00e0 di recupero credito,Uf fici Giudiziari, Camere di Commercio, Camere ed Uffici del Lavoro, ecc.), qualora la comunicazione risulti necessaria o funzionale al corretto adempimento degli obblighi contrattuali assunti, nonch\u00e9 degli obblighi derivanti dalla legge;<br \/>\u2013 a tutti quei soggetti (ivi incluse le Pubbliche Autorit\u00e0) che hanno accesso ai dati personali in forza di provvedimenti normativi o amministrativi;<br \/>In ogni caso i Suoi dati personali raccolti non saranno rivenduti o trasferiti a terzi per finalit\u00e0 di marketing e non saranno oggetto di diffusione.<\/p><h3>7. Trasferimento dei dati personali fuori dall\u2019area UE<\/h3><p>La gestione e la conservazione dei Suoi Dati Personali avverr\u00e0 in Europa. Resta in ogni caso inteso che il Titolare, ove si rendesse necessario, avr\u00e0 facolt\u00e0 di far trattare i Suoi Dati Personali fuori dalla Area UE (EEA). In tal caso, il Titolare assicura sin da ora che il trasferimento dei dati extra-UE avverr\u00e0 in conformit\u00e0 alle disposizioni di legge applicabili stipulando, se necessario, accordi che garantiscano un livello di protezione adeguato e\/o adottando le clausole contrattuali standard previste dalla Commissione europea.<\/p><h3>8. Minori<\/h3><p>Questo sito e il Titolare non raccolgono intenzionalmente Dati Personali riferiti ai minori di 14 anni. In conformit\u00e0 alle leggi applicabili e all\u2019art. 2-quinques del d.lgs. 196\/2003, l\u2019esercente la responsabilit\u00e0 genitoriale deve fornire il consenso alla raccolta dei Dati Personali del minore di 14 anni. Nel caso in cui Dati Personali su minori fossero involontariamente registrate, il Titolare le canceller\u00e0 in modo tempestivo, su richiesta dell\u2019esercente la responsabilit\u00e0 genitoriale.<\/p><h3>9. I suoi diritti<\/h3><p>Ai sensi degli artt. 15 e ss. del GDPR e ferme restando le limitazioni di cui all\u2019art. 2-quinques del d.lgs. 196\/2003, Lei ha il diritto di:<\/p><p>1) ottenere dal Titolare la conferma che sia o meno in corso un trattamento di dati personali che ti riguardano e in tal caso, di ottenere l\u2019accesso ai dati personali e alle seguenti informazioni:<\/p><ul><li>le finalit\u00e0 del trattamento;<\/li><li>le categorie di dati personali in questione;<\/li><li>i destinatari o le categorie di destinatari a cui i dati personali sono stati o saranno comunicati, in particolare se destinatari di paesi terzi o organizzazioni internazionali;<\/li><li>quando possibile, il periodo di conservazione dei dati personali previsto oppure, se non \u00e8 possibile, i criteri utilizzati per determinare tale periodo;<\/li><li>l\u2019esistenza del diritto dell\u2019interessato di chiedere al titolare del trattamento la rettifica o la cancellazione dei dati personali o la limitazione del trattamento dei dati personali che lo riguardano o di opporsi al loro trattamento;<\/li><li>il diritto di proporre reclamo a un\u2019autorit\u00e0 di controllo;<\/li><li>qualora i dati non siano raccolti presso l\u2019interessato, tutte le informazioni disponibili sulla loro origine;<\/li><li>l\u2019esistenza di un processo decisionale automatizzato, compresa la profilazione.<\/li><\/ul><p>2) Ottenere dal Titolare la rettifica dei dati personali inesatti che lo riguardano senza ingiustificato ritardo. Tenuto conto delle finalit\u00e0 del trattamento, l\u2019interessato ha il diritto di ottenere l\u2019integrazione dei dati personali incompleti, anche fornendo una dichiarazione integrativa.<\/p><p>3) Ottenere dal Titolare la cancellazione dei dati personali che lo riguardano senza ingiustificato ritardo e il Titolare ha l\u2019obbligo di cancellare senza ingiustificato ritardo i dati personali nei limiti e nei casi previsti dalla vigente normativa.<\/p><p>4) Ottenere dal Titolare la limitazione del trattamento.<\/p><p>5) Ricevere in un formato strutturato, di uso comune e leggibile da dispositivo automatico i dati personali che la riguardano forniti al Titolare e ha il diritto alla portabilit\u00e0 dei dati e dunque di trasmettere tali dati a un altro titolare del trattamento senza impedimenti da parte del titolare del trattamento cui li ha forniti qualora il trattamento si basi sul consenso o su un contratto e il trattamento sia effettuato con mezzi automatizzati.<\/p><p>6) Opporsi in qualsiasi momento, per motivi connessi alla sua situazione particolare, al trattamento dei dati personali che la riguardano se il trattamento \u00e8 necessario per l\u2019esecuzione di un compito di interesse pubblico o connesso all\u2019esercizio di pubblici poteri di cui \u00e8 investito il Titolare o il trattamento \u00e8 necessario per il perseguimento del legittimo interesse del Titolare o di terzi.<\/p><p>7) Qualora ritenga che i Suoi diritti siano stati violati dal Titolare, proporre reclamo all\u2019Autorit\u00e0 Garante per la protezione dei dati personali (Piazza Montecitorio 121, 00186 Roma (RM) \u2013\u00a0<a class=\"link-tabelle\" href=\"https:\/\/www.garanteprivacy.it\/\" target=\"_blank\" rel=\"noopener noreferrer\">www.garanteprivacy.it<\/a>) e\/o ad altra autorit\u00e0 di controllo competente in forza del GDPR<\/p><p>Il Titolare a seguito dell\u2019esercizio dei diritti di cui ai punti 2), 3) e 4) comunica a ciascuno dei destinatari cui sono stati trasmessi i dati personali le eventuali rettifiche o cancellazioni o limitazioni del trattamento nei limiti e nelle forme previste dalla vigente normativa.<\/p><p>Per esercitare i diritti sopra elencati verso il titolare, Lei dovr\u00e0 presentare richiesta scritta inviando una raccomandata a\/r all\u2019indirizzo Zero11 s.r.l., P.Iva 09333840016, Via Druento n. 280 \u2013 10078 Venaria Reale (TO) o inviando una pec all\u2019indirizzo\u00a0<a class=\"link-tabelle\" href=\"mailto:info@pec.zero11.it\">info@pec.zero11.it<\/a>.<\/p><h3>10. Cosa accade in caso di modifica alla privacy policy<\/h3><p>La presente informativa potr\u00e0 essere, in qualsiasi momento, modificata e\/o aggiornata. Qualora il Titolare intenda trattare i Suoi Dati Personali per finalit\u00e0 diverse rispetto a quelle previste al precedente art. 3, si impegna a fornirLe, prima di tale ulteriore trattamento, adeguate informazioni in merito a tali diverse finalit\u00e0 e di effettuare tale ulteriore trattamento nel rispetto della normativa vigente raccogliendo ove necessario il Suo specifico consenso.<\/p><p>La presente Privacy policy \u00e8 stata pubblicata il 7 agosto 2018 ed aggiornata il 31 ottobre 2018. Eventuali aggiornamenti saranno pubblicati in questa pagina.<\/p><\/div><\/div>\t\t\t\t\t\t<\/div>\n\t\t\t\t<\/div>\n\t\t\t\t\t<\/div>\n\t\t<\/div>\n\t\t\t\t\t<\/div>\n\t\t<\/section>\n\t\t\t\t<\/div>\n\t\t","protected":false},"excerpt":{"rendered":"<p>Informativa sul trattamento e protezione dei dati personali La presente informativa descrive il trattamento dei dati personali immessi o raccolti sul sito app.dev.zero11.net ed \u00e8 resa ai sensi dell\u2019articolo 13 del Regolamento UE 679\/2016 (di seguito \u201cGDPR\u201d) e della normativa nazionale in tema di privacy e protezione dei dati personali applicabile. 1. Identit\u00e0 e dati <\/p>\n","protected":false},"author":689,"featured_media":0,"parent":0,"menu_order":0,"comment_status":"closed","ping_status":"closed","template":"","meta":{"footnotes":""},"class_list":["post-78942","page","type-page","status-publish","hentry"],"aioseo_notices":[],"_links":{"self":[{"href":"https:\/\/app.rewixecommerce.com\/it\/wp-json\/wp\/v2\/pages\/78942"}],"collection":[{"href":"https:\/\/app.rewixecommerce.com\/it\/wp-json\/wp\/v2\/pages"}],"about":[{"href":"https:\/\/app.rewixecommerce.com\/it\/wp-json\/wp\/v2\/types\/page"}],"author":[{"embeddable":true,"href":"https:\/\/app.rewixecommerce.com\/it\/wp-json\/wp\/v2\/users\/689"}],"replies":[{"embeddable":true,"href":"https:\/\/app.rewixecommerce.com\/it\/wp-json\/wp\/v2\/comments?post=78942"}],"version-history":[{"count":2,"href":"https:\/\/app.rewixecommerce.com\/it\/wp-json\/wp\/v2\/pages\/78942\/revisions"}],"predecessor-version":[{"id":78944,"href":"https:\/\/app.rewixecommerce.com\/it\/wp-json\/wp\/v2\/pages\/78942\/revisions\/78944"}],"wp:attachment":[{"href":"https:\/\/app.rewixecommerce.com\/it\/wp-json\/wp\/v2\/media?parent=78942"}],"curies":[{"name":"wp","href":"https:\/\/api.w.org\/{rel}","templated":true}]}}