{"id":78894,"date":"2020-09-03T16:18:00","date_gmt":"2020-09-03T16:18:00","guid":{"rendered":"https:\/\/app.rewixecommerce.com\/?page_id=78894"},"modified":"2020-09-30T13:30:20","modified_gmt":"2020-09-30T13:30:20","slug":"wordpress-guida-workflow","status":"publish","type":"page","link":"https:\/\/app.rewixecommerce.com\/it\/wordpress-guida-workflow\/","title":{"rendered":"Dropshipping workflow WordPress"},"content":{"rendered":"\t\t<div data-elementor-type=\"wp-page\" data-elementor-id=\"78894\" class=\"elementor elementor-78894 elementor-78102\">\n\t\t\t\t\t\t<section class=\"elementor-section elementor-top-section elementor-element elementor-element-6c4c35f elementor-section-stretched elementor-section-full_width elementor-section-height-default elementor-section-height-default\" data-id=\"6c4c35f\" data-element_type=\"section\" data-settings=\"{&quot;stretch_section&quot;:&quot;section-stretched&quot;,&quot;background_background&quot;:&quot;classic&quot;}\">\n\t\t\t\t\t\t<div class=\"elementor-container elementor-column-gap-default\">\n\t\t\t\t\t<div class=\"elementor-column elementor-col-100 elementor-top-column elementor-element elementor-element-626f6a5\" data-id=\"626f6a5\" data-element_type=\"column\">\n\t\t\t<div class=\"elementor-widget-wrap elementor-element-populated\">\n\t\t\t\t\t\t<div class=\"elementor-element elementor-element-2933f04 elementor-widget elementor-widget-heading\" data-id=\"2933f04\" data-element_type=\"widget\" data-widget_type=\"heading.default\">\n\t\t\t\t<div class=\"elementor-widget-container\">\n\t\t\t<h1 class=\"elementor-heading-title elementor-size-default\">Dropshipping workflow WordPress<\/h1>\t\t<\/div>\n\t\t\t\t<\/div>\n\t\t\t\t\t<\/div>\n\t\t<\/div>\n\t\t\t\t\t<\/div>\n\t\t<\/section>\n\t\t\t\t<section class=\"elementor-section elementor-top-section elementor-element elementor-element-a42a82a elementor-section-boxed elementor-section-height-default elementor-section-height-default\" data-id=\"a42a82a\" data-element_type=\"section\">\n\t\t\t\t\t\t<div class=\"elementor-container elementor-column-gap-default\">\n\t\t\t\t\t<div class=\"elementor-column elementor-col-33 elementor-top-column elementor-element elementor-element-7715340\" data-id=\"7715340\" data-element_type=\"column\" data-settings=\"{&quot;background_background&quot;:&quot;classic&quot;}\">\n\t\t\t<div class=\"elementor-widget-wrap elementor-element-populated\">\n\t\t\t\t\t\t<section class=\"elementor-section elementor-inner-section elementor-element elementor-element-2d61a80 elementor-section-boxed elementor-section-height-default elementor-section-height-default\" data-id=\"2d61a80\" data-element_type=\"section\">\n\t\t\t\t\t\t<div class=\"elementor-container elementor-column-gap-default\">\n\t\t\t\t\t<div class=\"elementor-column elementor-col-100 elementor-inner-column elementor-element elementor-element-328634b\" data-id=\"328634b\" data-element_type=\"column\" data-settings=\"{&quot;background_background&quot;:&quot;classic&quot;}\">\n\t\t\t<div class=\"elementor-widget-wrap elementor-element-populated\">\n\t\t\t\t\t\t<div class=\"elementor-element elementor-element-fd3f5fc elementor-widget elementor-widget-heading\" data-id=\"fd3f5fc\" data-element_type=\"widget\" data-widget_type=\"heading.default\">\n\t\t\t\t<div class=\"elementor-widget-container\">\n\t\t\t<h2 class=\"elementor-heading-title elementor-size-default\">Guida Plugin Rewix WordPress<\/h2>\t\t<\/div>\n\t\t\t\t<\/div>\n\t\t\t\t<div class=\"elementor-element elementor-element-6b629ec elementor-widget elementor-widget-text-editor\" data-id=\"6b629ec\" data-element_type=\"widget\" data-widget_type=\"text-editor.default\">\n\t\t\t\t<div class=\"elementor-widget-container\">\n\t\t\t\t\t\t\t<div class=\"wpb_text_column wpb_content_element \"><div class=\"wpb_wrapper\"><p><a class=\"link-guida active\" href=\"https:\/\/app.rewixecommerce.com\/it\/wordpress-guida-workflow\/\">&#8211; Dropshipping workflow<\/a><\/p><p><a class=\"link-guida\" href=\"https:\/\/app.rewixecommerce.com\/it\/wordpress-guida-installazione\/\">Installazione WordPress<\/a><\/p><p><a class=\"link-guida\" href=\"https:\/\/app.rewixecommerce.com\/it\/wordpress-guida-configurazione\/\">Configurazione<\/a><\/p><p><a class=\"link-guida\" href=\"https:\/\/app.rewixecommerce.com\/it\/wordpress-guida-importazione-prodotti\/\">Importazione Prodotti<\/a><\/p><p><a class=\"link-guida\" href=\"https:\/\/app.rewixecommerce.com\/it\/wordpress-guida-gestione-ordini\/\">Gestione degli ordini<\/a><\/p><p><a class=\"link-guida\" href=\"https:\/\/app.rewixecommerce.com\/it\/wordpress-guida-status\/\">Status Rewix Plugin per WordPress<\/a><\/p><p><a class=\"link-guida\" href=\"https:\/\/app.rewixecommerce.com\/it\/wordpress-guida-versioni\/\">Versioni<\/a><\/p><\/div><\/div>\t\t\t\t\t\t<\/div>\n\t\t\t\t<\/div>\n\t\t\t\t\t<\/div>\n\t\t<\/div>\n\t\t\t\t\t<\/div>\n\t\t<\/section>\n\t\t\t\t\t<\/div>\n\t\t<\/div>\n\t\t\t\t<div class=\"elementor-column elementor-col-66 elementor-top-column elementor-element elementor-element-038cc5a\" data-id=\"038cc5a\" data-element_type=\"column\">\n\t\t\t<div class=\"elementor-widget-wrap elementor-element-populated\">\n\t\t\t\t\t\t<div class=\"elementor-element elementor-element-c6751e7 elementor-widget elementor-widget-heading\" data-id=\"c6751e7\" data-element_type=\"widget\" data-widget_type=\"heading.default\">\n\t\t\t\t<div class=\"elementor-widget-container\">\n\t\t\t<h2 class=\"elementor-heading-title elementor-size-default\">Cosa vuol dire vendere in dropshipping con il Plugin Rewix <\/h2>\t\t<\/div>\n\t\t\t\t<\/div>\n\t\t\t\t<div class=\"elementor-element elementor-element-ea149fb elementor-widget elementor-widget-text-editor\" data-id=\"ea149fb\" data-element_type=\"widget\" data-widget_type=\"text-editor.default\">\n\t\t\t\t<div class=\"elementor-widget-container\">\n\t\t\t\t\t\t\t<div class=\"section_title\"><div class=\"wpb_text_column wpb_content_element \"><div class=\"wpb_wrapper\"><p>Vendendo in modalit\u00e0 dropshipping, il vostro cliente acquister\u00e0 un prodotto e lo pagher\u00e0 direttamente nel vostro shop online. Questo ordine sar\u00e0 trasmesso tramite il plugin Rewix al sito ecommerce del vostro fornitore.<\/p><p>Ogni volta che viene pagato un ordine contenente prodotti del fornitore, il sistema crea automaticamente un ordine al fornitore senza alcuno sforzo da parte dell\u2019amministratore di Woocommerce.<\/p><p>Segui la guida per configurare il tuo plugin Rewix per il tuo Woocommerce ed inizia ora a vendere in Dropshipping!<\/p><\/div><\/div><\/div>\t\t\t\t\t\t<\/div>\n\t\t\t\t<\/div>\n\t\t\t\t\t<\/div>\n\t\t<\/div>\n\t\t\t\t\t<\/div>\n\t\t<\/section>\n\t\t\t\t<\/div>\n\t\t","protected":false},"excerpt":{"rendered":"<p>Dropshipping workflow WordPress Guida Plugin Rewix WordPress &#8211; Dropshipping workflow Installazione WordPress Configurazione Importazione Prodotti Gestione degli ordini Status Rewix Plugin per WordPress Versioni Cosa vuol dire vendere in dropshipping con il Plugin Rewix Vendendo in modalit\u00e0 dropshipping, il vostro cliente acquister\u00e0 un prodotto e lo pagher\u00e0 direttamente nel vostro shop online. Questo ordine sar\u00e0 <\/p>\n","protected":false},"author":689,"featured_media":0,"parent":0,"menu_order":0,"comment_status":"closed","ping_status":"closed","template":"","meta":{"footnotes":""},"class_list":["post-78894","page","type-page","status-publish","hentry"],"aioseo_notices":[],"_links":{"self":[{"href":"https:\/\/app.rewixecommerce.com\/it\/wp-json\/wp\/v2\/pages\/78894"}],"collection":[{"href":"https:\/\/app.rewixecommerce.com\/it\/wp-json\/wp\/v2\/pages"}],"about":[{"href":"https:\/\/app.rewixecommerce.com\/it\/wp-json\/wp\/v2\/types\/page"}],"author":[{"embeddable":true,"href":"https:\/\/app.rewixecommerce.com\/it\/wp-json\/wp\/v2\/users\/689"}],"replies":[{"embeddable":true,"href":"https:\/\/app.rewixecommerce.com\/it\/wp-json\/wp\/v2\/comments?post=78894"}],"version-history":[{"count":2,"href":"https:\/\/app.rewixecommerce.com\/it\/wp-json\/wp\/v2\/pages\/78894\/revisions"}],"predecessor-version":[{"id":78896,"href":"https:\/\/app.rewixecommerce.com\/it\/wp-json\/wp\/v2\/pages\/78894\/revisions\/78896"}],"wp:attachment":[{"href":"https:\/\/app.rewixecommerce.com\/it\/wp-json\/wp\/v2\/media?parent=78894"}],"curies":[{"name":"wp","href":"https:\/\/api.w.org\/{rel}","templated":true}]}}