{"id":78884,"date":"2020-09-03T16:02:46","date_gmt":"2020-09-03T16:02:46","guid":{"rendered":"https:\/\/app.rewixecommerce.com\/?page_id=78884"},"modified":"2020-09-30T14:08:05","modified_gmt":"2020-09-30T14:08:05","slug":"wordpress-guida-importazione-prodotti","status":"publish","type":"page","link":"https:\/\/app.rewixecommerce.com\/it\/wordpress-guida-importazione-prodotti\/","title":{"rendered":"Importazione Prodotti WordPress"},"content":{"rendered":"\t\t<div data-elementor-type=\"wp-page\" data-elementor-id=\"78884\" class=\"elementor elementor-78884 elementor-78319\">\n\t\t\t\t\t\t<section class=\"elementor-section elementor-top-section elementor-element elementor-element-54d8e27 elementor-section-stretched elementor-section-full_width elementor-section-height-default elementor-section-height-default\" data-id=\"54d8e27\" data-element_type=\"section\" data-settings=\"{&quot;stretch_section&quot;:&quot;section-stretched&quot;,&quot;background_background&quot;:&quot;classic&quot;}\">\n\t\t\t\t\t\t<div class=\"elementor-container elementor-column-gap-default\">\n\t\t\t\t\t<div class=\"elementor-column elementor-col-100 elementor-top-column elementor-element elementor-element-e84adae\" data-id=\"e84adae\" data-element_type=\"column\">\n\t\t\t<div class=\"elementor-widget-wrap elementor-element-populated\">\n\t\t\t\t\t\t<div class=\"elementor-element elementor-element-62fca9b elementor-widget elementor-widget-heading\" data-id=\"62fca9b\" data-element_type=\"widget\" data-widget_type=\"heading.default\">\n\t\t\t\t<div class=\"elementor-widget-container\">\n\t\t\t<h1 class=\"elementor-heading-title elementor-size-default\">Importazione Prodotti WordPress<\/h1>\t\t<\/div>\n\t\t\t\t<\/div>\n\t\t\t\t\t<\/div>\n\t\t<\/div>\n\t\t\t\t\t<\/div>\n\t\t<\/section>\n\t\t\t\t<section class=\"elementor-section elementor-top-section elementor-element elementor-element-a42a82a elementor-section-boxed elementor-section-height-default elementor-section-height-default\" data-id=\"a42a82a\" data-element_type=\"section\">\n\t\t\t\t\t\t<div class=\"elementor-container elementor-column-gap-default\">\n\t\t\t\t\t<div class=\"elementor-column elementor-col-33 elementor-top-column elementor-element elementor-element-7715340\" data-id=\"7715340\" data-element_type=\"column\" data-settings=\"{&quot;background_background&quot;:&quot;classic&quot;}\">\n\t\t\t<div class=\"elementor-widget-wrap elementor-element-populated\">\n\t\t\t\t\t\t<section class=\"elementor-section elementor-inner-section elementor-element elementor-element-04e5bb0 elementor-section-boxed elementor-section-height-default elementor-section-height-default\" data-id=\"04e5bb0\" data-element_type=\"section\">\n\t\t\t\t\t\t<div class=\"elementor-container elementor-column-gap-default\">\n\t\t\t\t\t<div class=\"elementor-column elementor-col-100 elementor-inner-column elementor-element elementor-element-cadeb8e\" data-id=\"cadeb8e\" data-element_type=\"column\" data-settings=\"{&quot;background_background&quot;:&quot;classic&quot;}\">\n\t\t\t<div class=\"elementor-widget-wrap elementor-element-populated\">\n\t\t\t\t\t\t<div class=\"elementor-element elementor-element-5cf0104 elementor-widget elementor-widget-heading\" data-id=\"5cf0104\" data-element_type=\"widget\" data-widget_type=\"heading.default\">\n\t\t\t\t<div class=\"elementor-widget-container\">\n\t\t\t<h2 class=\"elementor-heading-title elementor-size-default\">Guida Plugin Rewix WordPress<\/h2>\t\t<\/div>\n\t\t\t\t<\/div>\n\t\t\t\t<div class=\"elementor-element elementor-element-1a262c8 elementor-widget elementor-widget-text-editor\" data-id=\"1a262c8\" data-element_type=\"widget\" data-widget_type=\"text-editor.default\">\n\t\t\t\t<div class=\"elementor-widget-container\">\n\t\t\t\t\t\t\t<div class=\"wpb_text_column wpb_content_element \"><div class=\"wpb_wrapper\"><p><a class=\"link-guida\" href=\"https:\/\/app.rewixecommerce.com\/it\/wordpress-guida-workflow\/\">Dropshipping workflow<\/a><\/p><p><a class=\"link-guida\" href=\"https:\/\/app.rewixecommerce.com\/it\/wordpress-guida-installazione\/\">Installazione WordPress<\/a><\/p><p><a class=\"link-guida\" href=\"https:\/\/app.rewixecommerce.com\/it\/wordpress-guida-configurazione\/\">Configurazione<\/a><\/p><p><a class=\"link-guida active\" href=\"https:\/\/app.rewixecommerce.com\/it\/wordpress-guida-importazione-prodotti\/\">&#8211; Importazione Prodotti<\/a><\/p><p><a class=\"link-guida\" href=\"https:\/\/app.rewixecommerce.com\/it\/wordpress-guida-gestione-ordini\/\">Gestione degli ordini<\/a><\/p><p><a class=\"link-guida\" href=\"https:\/\/app.rewixecommerce.com\/it\/wordpress-guida-status\/\">Status Rewix Plugin per WordPress<\/a><\/p><p><a class=\"link-guida\" href=\"https:\/\/app.rewixecommerce.com\/it\/wordpress-guida-versioni\/\">Versioni<\/a><\/p><\/div><\/div>\t\t\t\t\t\t<\/div>\n\t\t\t\t<\/div>\n\t\t\t\t\t<\/div>\n\t\t<\/div>\n\t\t\t\t\t<\/div>\n\t\t<\/section>\n\t\t\t\t\t<\/div>\n\t\t<\/div>\n\t\t\t\t<div class=\"elementor-column elementor-col-66 elementor-top-column elementor-element elementor-element-038cc5a\" data-id=\"038cc5a\" data-element_type=\"column\">\n\t\t\t<div class=\"elementor-widget-wrap elementor-element-populated\">\n\t\t\t\t\t\t<div class=\"elementor-element elementor-element-c6751e7 elementor-widget elementor-widget-heading\" data-id=\"c6751e7\" data-element_type=\"widget\" data-widget_type=\"heading.default\">\n\t\t\t\t<div class=\"elementor-widget-container\">\n\t\t\t<h2 class=\"elementor-heading-title elementor-size-default\">Come importare i prodotti con il Plugin Rewix per WordPress <\/h2>\t\t<\/div>\n\t\t\t\t<\/div>\n\t\t\t\t<div class=\"elementor-element elementor-element-ea149fb elementor-widget elementor-widget-text-editor\" data-id=\"ea149fb\" data-element_type=\"widget\" data-widget_type=\"text-editor.default\">\n\t\t\t\t<div class=\"elementor-widget-container\">\n\t\t\t\t\t\t\t<div class=\"section_title\"><div class=\"wpb_text_column wpb_content_element \"><div class=\"wpb_wrapper\"><p>Questa sezione \u00e8 dedicata alla procedura di importazione dei prodotti dal sito ecommerce del tuo fornitore.<\/p><p>Dopo l\u2019installazione e la configurazione del Plugin Rewix, cliccando su <strong>&lt;Import&gt;<\/strong> si visualizzer\u00e0 una\u00a0 tabella contenente tutti i prodotti disponibili nel magazzino del fornitore.<\/p><\/div><\/div><\/div>\t\t\t\t\t\t<\/div>\n\t\t\t\t<\/div>\n\t\t\t\t<div class=\"elementor-element elementor-element-05aa6e9 elementor-widget elementor-widget-image\" data-id=\"05aa6e9\" data-element_type=\"widget\" data-widget_type=\"image.default\">\n\t\t\t\t<div class=\"elementor-widget-container\">\n\t\t\t\t\t\t\t\t\t\t\t\t\t<img fetchpriority=\"high\" decoding=\"async\" width=\"740\" height=\"402\" src=\"https:\/\/app.rewixecommerce.com\/wp-content\/uploads\/2019\/10\/importazione-wordpress-1024x556.png\" class=\"attachment-large size-large wp-image-75501\" alt=\"\" srcset=\"https:\/\/app.rewixecommerce.com\/wp-content\/uploads\/2019\/10\/importazione-wordpress-1024x556.png 1024w, https:\/\/app.rewixecommerce.com\/wp-content\/uploads\/2019\/10\/importazione-wordpress-500x271.png 500w, https:\/\/app.rewixecommerce.com\/wp-content\/uploads\/2019\/10\/importazione-wordpress-300x163.png 300w, https:\/\/app.rewixecommerce.com\/wp-content\/uploads\/2019\/10\/importazione-wordpress-768x417.png 768w, https:\/\/app.rewixecommerce.com\/wp-content\/uploads\/2019\/10\/importazione-wordpress.png 1680w\" sizes=\"(max-width: 740px) 100vw, 740px\" \/>\t\t\t\t\t\t\t\t\t\t\t\t\t<\/div>\n\t\t\t\t<\/div>\n\t\t\t\t<div class=\"elementor-element elementor-element-8e7f69f elementor-widget elementor-widget-text-editor\" data-id=\"8e7f69f\" data-element_type=\"widget\" data-widget_type=\"text-editor.default\">\n\t\t\t\t<div class=\"elementor-widget-container\">\n\t\t\t\t\t\t\t<div class=\"section_title\"><div class=\"wpb_text_column wpb_content_element \"><div class=\"wpb_wrapper\"><p>Questa tabella pu\u00f2 essere filtrata in molti modi per selezionare solo i prodotti da importare. I filtri possono essere applicati utilizzando il pulsante <strong>&lt;Cerca&gt;<\/strong> nell\u2019angolo in alto a destra della tabella.<\/p><p>Utilizzando il pulsante <strong>&lt;Reimposta filtri&gt;<\/strong>\u00a0 \u00e8 possibile ripristinare la situazione iniziale.<\/p><\/div><\/div><\/div>\t\t\t\t\t\t<\/div>\n\t\t\t\t<\/div>\n\t\t\t\t<div class=\"elementor-element elementor-element-3016a0e elementor-alert-info elementor-widget elementor-widget-alert\" data-id=\"3016a0e\" data-element_type=\"widget\" data-widget_type=\"alert.default\">\n\t\t\t\t<div class=\"elementor-widget-container\">\n\t\t\t\t\t<div class=\"elementor-alert\" role=\"alert\">\n\n\t\t\t\t\t\t<span class=\"elementor-alert-title\">ATTENZIONE<\/span>\n\t\t\t\n\t\t\t\t\t\t<span class=\"elementor-alert-description\">I filtri rimangono applicati anche se navighi in altre pagine del tuo backend WordPress!<\/span>\n\t\t\t\n\t\t\t\t\t\t<button type=\"button\" class=\"elementor-alert-dismiss\">\n\t\t\t\t\t\t\t\t\t<span aria-hidden=\"true\">&times;<\/span>\n\t\t\t\t\t\t\t\t<span class=\"elementor-screen-only\">Ignora questo avviso.<\/span>\n\t\t\t<\/button>\n\t\t\t\n\t\t<\/div>\n\t\t\t\t<\/div>\n\t\t\t\t<\/div>\n\t\t\t\t<div class=\"elementor-element elementor-element-b800999 elementor-widget elementor-widget-text-editor\" data-id=\"b800999\" data-element_type=\"widget\" data-widget_type=\"text-editor.default\">\n\t\t\t\t<div class=\"elementor-widget-container\">\n\t\t\t\t\t\t\t<div class=\"section_title\"><div class=\"wpb_text_column wpb_content_element \"><div class=\"wpb_wrapper\"><p><strong>REMOTE ID<\/strong> : questo \u00e8 l\u2019ID del prodotto sul sito ecommerce del tuo fornitore;<br \/><strong>IMAGE<\/strong>: mostra una miniatura dell\u2019immagine principale del prodotto;<br \/><strong>NAME<\/strong>: descrizione del prodotto;<br \/><strong>SKU<\/strong>: codice associato ai prodotti sul sito ecommerce del fornitore, che verr\u00e0 associato all\u2019attributo SKU del tuo sito WordPress;<br \/><strong>CATEGORY<\/strong>: questo campo popoler\u00e0 i livelli della gerarchia di categorie del tuo sito ecommerce;<br \/><strong>BRAND<\/strong>: l\u2019attributo brand pu\u00f2 essere importato in un attributo che pu\u00f2 essere scelto nella fase di <a class=\"link-tabelle\" href=\"https:\/\/app.rewixecommerce.com\/it\/wordpress-guida-configurazione\/\">Configurazione;<\/a><br \/><strong>GENDER<\/strong>: l\u2019attributo genere pu\u00f2 essere importato in un attributo che pu\u00f2 essere scelto nella fase di <a class=\"link-tabelle\" href=\"https:\/\/app.rewixecommerce.com\/it\/wordpress-guida-configurazione\/\">Configurazione<\/a>;<br \/><strong>AVAILABILITY<\/strong>\u2018: l\u2019attuale disponibilit\u00e0 di ogni singolo prodotto. Questa \u00e8 la disponibilit\u00e0 complessiva, somma delle disponibilit\u00e0 di tutti i modelli in un prodotto definito;<br \/><strong>BEST TAXABLE, TAXABLE STREET PRICE: <\/strong>prezzo di vendita del tuo fornitore (senza IVA) ,prezzo di vendita scontato (senza IVA) assegnato ai prodotti che sono attualmente in vendita temporanea sul sito del fornitore;<br \/><strong>PROPOSED PRICE<\/strong>: \u00e8 il prezzo che verr\u00e0 importato come prezzo di vendita di Woocommerce ( a seconda delle impostazioni del PLUGIN REWIX, potrebbe essere il prezzo di vendita o il prezzo di vendita scontato ).<\/p><p>L\u2019interfaccia offre la possibilit\u00e0 di filtrare per: marca, categoria, sottocategoria e genere. Ogni volta che i prodotti da importare vengono filtrati (il pulsante Cerca \u00e8 stato premuto e la tabella \u00e8 stata ricaricata), \u00e8 possibile selezionare i prodotti da importare con le caselle di controllo a sinistra o facendo clic su per selezionare tutti i prodotti nella pagina dei risultati corrente .<\/p><p>Per importare i prodotti selezionati scegli dal menu a discesa nell\u2019angolo in alto a destra della tabella e clicca per avviare la procedura di importazione.<\/p><p>Dalla versione 1.0.0, i prodotti elencati vengono messi in coda in una tabella di database speciale e importati ogni 5 minuti in lotti di 30 elementi. \u00c8 possibile tenere traccia dell\u2019avanzamento della procedura nella pagina di stato.<\/p><\/div><\/div><\/div>\t\t\t\t\t\t<\/div>\n\t\t\t\t<\/div>\n\t\t\t\t\t<\/div>\n\t\t<\/div>\n\t\t\t\t\t<\/div>\n\t\t<\/section>\n\t\t\t\t<\/div>\n\t\t","protected":false},"excerpt":{"rendered":"<p>Importazione Prodotti WordPress Guida Plugin Rewix WordPress Dropshipping workflow Installazione WordPress Configurazione &#8211; Importazione Prodotti Gestione degli ordini Status Rewix Plugin per WordPress Versioni Come importare i prodotti con il Plugin Rewix per WordPress Questa sezione \u00e8 dedicata alla procedura di importazione dei prodotti dal sito ecommerce del tuo fornitore. Dopo l\u2019installazione e la configurazione <\/p>\n","protected":false},"author":689,"featured_media":0,"parent":0,"menu_order":0,"comment_status":"closed","ping_status":"closed","template":"","meta":{"footnotes":""},"class_list":["post-78884","page","type-page","status-publish","hentry"],"aioseo_notices":[],"_links":{"self":[{"href":"https:\/\/app.rewixecommerce.com\/it\/wp-json\/wp\/v2\/pages\/78884"}],"collection":[{"href":"https:\/\/app.rewixecommerce.com\/it\/wp-json\/wp\/v2\/pages"}],"about":[{"href":"https:\/\/app.rewixecommerce.com\/it\/wp-json\/wp\/v2\/types\/page"}],"author":[{"embeddable":true,"href":"https:\/\/app.rewixecommerce.com\/it\/wp-json\/wp\/v2\/users\/689"}],"replies":[{"embeddable":true,"href":"https:\/\/app.rewixecommerce.com\/it\/wp-json\/wp\/v2\/comments?post=78884"}],"version-history":[{"count":2,"href":"https:\/\/app.rewixecommerce.com\/it\/wp-json\/wp\/v2\/pages\/78884\/revisions"}],"predecessor-version":[{"id":78886,"href":"https:\/\/app.rewixecommerce.com\/it\/wp-json\/wp\/v2\/pages\/78884\/revisions\/78886"}],"wp:attachment":[{"href":"https:\/\/app.rewixecommerce.com\/it\/wp-json\/wp\/v2\/media?parent=78884"}],"curies":[{"name":"wp","href":"https:\/\/api.w.org\/{rel}","templated":true}]}}