{"id":78859,"date":"2020-09-03T15:28:08","date_gmt":"2020-09-03T15:28:08","guid":{"rendered":"https:\/\/app.rewixecommerce.com\/?page_id=78859"},"modified":"2020-09-30T13:32:00","modified_gmt":"2020-09-30T13:32:00","slug":"magento-guida-workflow","status":"publish","type":"page","link":"https:\/\/app.rewixecommerce.com\/it\/magento-guida-workflow\/","title":{"rendered":"Dropshipping Workflow Magento"},"content":{"rendered":"\t\t<div data-elementor-type=\"wp-page\" data-elementor-id=\"78859\" class=\"elementor elementor-78859\">\n\t\t\t\t\t\t<section class=\"elementor-section elementor-top-section elementor-element elementor-element-f66a46b elementor-section-stretched elementor-section-full_width elementor-section-height-default elementor-section-height-default\" data-id=\"f66a46b\" data-element_type=\"section\" data-settings=\"{&quot;stretch_section&quot;:&quot;section-stretched&quot;,&quot;background_background&quot;:&quot;classic&quot;}\">\n\t\t\t\t\t\t<div class=\"elementor-container elementor-column-gap-default\">\n\t\t\t\t\t<div class=\"elementor-column elementor-col-100 elementor-top-column elementor-element elementor-element-f05fca4\" data-id=\"f05fca4\" data-element_type=\"column\">\n\t\t\t<div class=\"elementor-widget-wrap elementor-element-populated\">\n\t\t\t\t\t\t<div class=\"elementor-element elementor-element-4660708 elementor-widget elementor-widget-heading\" data-id=\"4660708\" data-element_type=\"widget\" data-widget_type=\"heading.default\">\n\t\t\t\t<div class=\"elementor-widget-container\">\n\t\t\t<h1 class=\"elementor-heading-title elementor-size-default\">Dropshipping Workflow Magento <\/h1>\t\t<\/div>\n\t\t\t\t<\/div>\n\t\t\t\t\t<\/div>\n\t\t<\/div>\n\t\t\t\t\t<\/div>\n\t\t<\/section>\n\t\t\t\t<section class=\"elementor-section elementor-top-section elementor-element elementor-element-a42a82a elementor-section-boxed elementor-section-height-default elementor-section-height-default\" data-id=\"a42a82a\" data-element_type=\"section\">\n\t\t\t\t\t\t<div class=\"elementor-container elementor-column-gap-default\">\n\t\t\t\t\t<div class=\"elementor-column elementor-col-33 elementor-top-column elementor-element elementor-element-7715340\" data-id=\"7715340\" data-element_type=\"column\" data-settings=\"{&quot;background_background&quot;:&quot;classic&quot;}\">\n\t\t\t<div class=\"elementor-widget-wrap elementor-element-populated\">\n\t\t\t\t\t\t<section class=\"elementor-section elementor-inner-section elementor-element elementor-element-6077922 elementor-section-boxed elementor-section-height-default elementor-section-height-default\" data-id=\"6077922\" data-element_type=\"section\" data-settings=\"{&quot;background_background&quot;:&quot;classic&quot;}\">\n\t\t\t\t\t\t<div class=\"elementor-container elementor-column-gap-default\">\n\t\t\t\t\t<div class=\"elementor-column elementor-col-100 elementor-inner-column elementor-element elementor-element-2036d82\" data-id=\"2036d82\" data-element_type=\"column\">\n\t\t\t<div class=\"elementor-widget-wrap elementor-element-populated\">\n\t\t\t\t\t\t<div class=\"elementor-element elementor-element-ed8c3d0 elementor-widget elementor-widget-heading\" data-id=\"ed8c3d0\" data-element_type=\"widget\" data-widget_type=\"heading.default\">\n\t\t\t\t<div class=\"elementor-widget-container\">\n\t\t\t<h2 class=\"elementor-heading-title elementor-size-default\">Guida Plugin Rewix Magento I<\/h2>\t\t<\/div>\n\t\t\t\t<\/div>\n\t\t\t\t<div class=\"elementor-element elementor-element-e58c588 elementor-widget elementor-widget-text-editor\" data-id=\"e58c588\" data-element_type=\"widget\" data-widget_type=\"text-editor.default\">\n\t\t\t\t<div class=\"elementor-widget-container\">\n\t\t\t\t\t\t\t<div class=\"wpb_text_column wpb_content_element \"><div class=\"wpb_wrapper\"><p><strong><a class=\"link-guida active\" href=\"https:\/\/app.rewixecommerce.com\/it\/magento-guida-workflow\/\">&#8211; Workflow<\/a><\/strong><\/p><p><strong><a class=\"link-guida\" href=\"https:\/\/app.rewixecommerce.com\/it\/magento-guida-installazione\/\">Installazione<\/a><\/strong><\/p><p><strong><a class=\"link-guida\" href=\"https:\/\/app.rewixecommerce.com\/it\/magento-guida-configurazione\/\">Configurazione<\/a><\/strong><\/p><p><strong><a class=\"link-guida\" href=\"https:\/\/app.rewixecommerce.com\/it\/mangento-guida-importazione-prodotti\/\">Importazione Prodotti<\/a><\/strong><\/p><p><strong><a class=\"link-guida\" href=\"https:\/\/app.rewixecommerce.com\/it\/magento-guida-gestione-prodotti\/\">Gestione Prodotti<\/a><\/strong><\/p><p><strong><a class=\"link-guida\" href=\"https:\/\/app.rewixecommerce.com\/it\/magento-guida-status\/\">Status<\/a><\/strong><\/p><p><strong><a class=\"link-guida\" href=\"https:\/\/app.rewixecommerce.com\/it\/magento-guida-versioni\/\">Versioni<\/a><\/strong><\/p><\/div><\/div>\t\t\t\t\t\t<\/div>\n\t\t\t\t<\/div>\n\t\t\t\t\t<\/div>\n\t\t<\/div>\n\t\t\t\t\t<\/div>\n\t\t<\/section>\n\t\t\t\t\t<\/div>\n\t\t<\/div>\n\t\t\t\t<div class=\"elementor-column elementor-col-66 elementor-top-column elementor-element elementor-element-038cc5a\" data-id=\"038cc5a\" data-element_type=\"column\">\n\t\t\t<div class=\"elementor-widget-wrap elementor-element-populated\">\n\t\t\t\t\t\t<div class=\"elementor-element elementor-element-3029a28 elementor-widget elementor-widget-heading\" data-id=\"3029a28\" data-element_type=\"widget\" data-widget_type=\"heading.default\">\n\t\t\t\t<div class=\"elementor-widget-container\">\n\t\t\t<h2 class=\"elementor-heading-title elementor-size-default\">Workflow di integrazione del Plugin Rewix per Magento I <\/h2>\t\t<\/div>\n\t\t\t\t<\/div>\n\t\t\t\t<div class=\"elementor-element elementor-element-ea149fb elementor-widget elementor-widget-text-editor\" data-id=\"ea149fb\" data-element_type=\"widget\" data-widget_type=\"text-editor.default\">\n\t\t\t\t<div class=\"elementor-widget-container\">\n\t\t\t\t\t\t\t<div class=\"wpb_text_column wpb_content_element \"><div class=\"wpb_wrapper\"><p>L\u2019integrazione tra il tuo ecommerce e la piattaforma online del tuo fornitore pu\u00f2 essere fatta in due modi diversi:<\/p><ul><li>modalit\u00e0 Dropshipping<\/li><li>modalit\u00e0 Remote Supplier<\/li><\/ul><p>I due diversi workflow si differenziano principalmente per il flusso di spedizione degli ordini al cliente finale.<\/p><\/div><\/div>\t\t\t\t\t\t<\/div>\n\t\t\t\t<\/div>\n\t\t\t\t<div class=\"elementor-element elementor-element-d334b03 elementor-widget elementor-widget-heading\" data-id=\"d334b03\" data-element_type=\"widget\" data-widget_type=\"heading.default\">\n\t\t\t\t<div class=\"elementor-widget-container\">\n\t\t\t<h2 class=\"elementor-heading-title elementor-size-default\">Dropshipping<\/h2>\t\t<\/div>\n\t\t\t\t<\/div>\n\t\t\t\t<div class=\"elementor-element elementor-element-ee9e2d6 elementor-widget elementor-widget-text-editor\" data-id=\"ee9e2d6\" data-element_type=\"widget\" data-widget_type=\"text-editor.default\">\n\t\t\t\t<div class=\"elementor-widget-container\">\n\t\t\t\t\t\t\t<div class=\"wpb_text_column wpb_content_element \"><div class=\"wpb_wrapper\"><p>Vendendo in modalit\u00e0 dropshipping, il vostro cliente acquister\u00e0 un prodotto e lo pagher\u00e0 direttamente nel vostro shop online. Questo ordine sar\u00e0 trasmesso tramite il plugin Rewix al sito ecommerce del vostro fornitore.<\/p><p>Ogni volta che viene pagato un ordine contenente prodotti del fornitore, il sistema crea automaticamente un ordine al fornitore senza alcuno sforzo da parte dell\u2019amministratore di Magento I.<\/p><p>Con Dropshipping i prodotti saranno riservati quando lo stato dell\u2019ordine diventer\u00e0 pending_payment. Il singolo ordine quindi verr\u00e0 automaticamente inviato alla piattaforma del fornitore con i dettagli relativi alla spedizione in modo che il fornitore possa spedire direttamente l\u2019ordine al tuo cliente finale.<\/p><\/div><\/div>\t\t\t\t\t\t<\/div>\n\t\t\t\t<\/div>\n\t\t\t\t<div class=\"elementor-element elementor-element-5f43fa1 elementor-widget elementor-widget-heading\" data-id=\"5f43fa1\" data-element_type=\"widget\" data-widget_type=\"heading.default\">\n\t\t\t\t<div class=\"elementor-widget-container\">\n\t\t\t<h2 class=\"elementor-heading-title elementor-size-default\">Remote Supplier<\/h2>\t\t<\/div>\n\t\t\t\t<\/div>\n\t\t\t\t<div class=\"elementor-element elementor-element-283c8ac elementor-widget elementor-widget-text-editor\" data-id=\"283c8ac\" data-element_type=\"widget\" data-widget_type=\"text-editor.default\">\n\t\t\t\t<div class=\"elementor-widget-container\">\n\t\t\t\t\t\t\t<div class=\"wpb_text_column wpb_content_element \"><div class=\"wpb_wrapper\"><p>La modalit\u00e0 di integrazione Remote Supplier consiste nel raggruppare gli ordini provenienti dall\u2019ecommerce Magento e fare un unico grande ordine al fornitore, che si occuper\u00e0 di spedire la merce ai clienti finali.<\/p><p>Questo metodo richiede alcune azioni da parte dell\u2019amministratore del sito Magento per inviare l\u2019ordine al fornitore. Ci\u00f2 avviene semplicemente premendo il pulsante \u201cInvia ordine fornitore\u201d dall\u2019interfaccia \u201cOrdine prenotato\u201d.<\/p><p>Per tenere traccia degli stati degli ordini dei fornitori, \u00e8 stata aggiunta una colonna aggiuntiva all\u2019interfaccia Ordine che mostra lo stato degli ordini dei fornitori.<\/p><p>L\u2019ordine si pu\u00f2 trovare in diversi stati. Gli stati possibili sono:<\/p><ul><li><strong>booked<\/strong>: l\u2019ordine \u00e8 riservato per te (il tuo cliente). Il tuo fornitore \u00e8 in attesa del pagamento per elaborare questo ordine. Solo se effettuerai il pagamento, accedendo alla piattaforma del tuo fornitore, il tuo ordine verr\u00e0 processato;<\/li><li><strong>confirmed<\/strong>: il tuo fornitore ha ricevuto il pagamento e ha inviato le informazioni all\u2019ufficio logistico, per la preparazione dell\u2019ordine del tuo cliente;<\/li><li><strong>working on<\/strong>: la logistica del tuo fornitore sta preparando la spedizione dell\u2019ordine;<\/li><li><strong>ready<\/strong>: l\u2019ordine \u00e8 pronto per essere spedito;<\/li><li><strong>dispatched<\/strong>: l\u2019ordine viene spedito e il corriere consegna il tuo ordine direttamente al tuo cliente.<\/li><\/ul><\/div><\/div>\t\t\t\t\t\t<\/div>\n\t\t\t\t<\/div>\n\t\t\t\t\t<\/div>\n\t\t<\/div>\n\t\t\t\t\t<\/div>\n\t\t<\/section>\n\t\t\t\t<\/div>\n\t\t","protected":false},"excerpt":{"rendered":"<p>Dropshipping Workflow Magento Guida Plugin Rewix Magento I &#8211; Workflow Installazione Configurazione Importazione Prodotti Gestione Prodotti Status Versioni Workflow di integrazione del Plugin Rewix per Magento I L\u2019integrazione tra il tuo ecommerce e la piattaforma online del tuo fornitore pu\u00f2 essere fatta in due modi diversi: modalit\u00e0 Dropshipping modalit\u00e0 Remote Supplier I due diversi workflow <\/p>\n","protected":false},"author":689,"featured_media":0,"parent":0,"menu_order":0,"comment_status":"closed","ping_status":"closed","template":"","meta":{"footnotes":""},"class_list":["post-78859","page","type-page","status-publish","hentry"],"aioseo_notices":[],"_links":{"self":[{"href":"https:\/\/app.rewixecommerce.com\/it\/wp-json\/wp\/v2\/pages\/78859"}],"collection":[{"href":"https:\/\/app.rewixecommerce.com\/it\/wp-json\/wp\/v2\/pages"}],"about":[{"href":"https:\/\/app.rewixecommerce.com\/it\/wp-json\/wp\/v2\/types\/page"}],"author":[{"embeddable":true,"href":"https:\/\/app.rewixecommerce.com\/it\/wp-json\/wp\/v2\/users\/689"}],"replies":[{"embeddable":true,"href":"https:\/\/app.rewixecommerce.com\/it\/wp-json\/wp\/v2\/comments?post=78859"}],"version-history":[{"count":2,"href":"https:\/\/app.rewixecommerce.com\/it\/wp-json\/wp\/v2\/pages\/78859\/revisions"}],"predecessor-version":[{"id":78861,"href":"https:\/\/app.rewixecommerce.com\/it\/wp-json\/wp\/v2\/pages\/78859\/revisions\/78861"}],"wp:attachment":[{"href":"https:\/\/app.rewixecommerce.com\/it\/wp-json\/wp\/v2\/media?parent=78859"}],"curies":[{"name":"wp","href":"https:\/\/api.w.org\/{rel}","templated":true}]}}