{"id":78838,"date":"2020-09-03T14:51:52","date_gmt":"2020-09-03T14:51:52","guid":{"rendered":"https:\/\/app.rewixecommerce.com\/?page_id=78838"},"modified":"2020-09-30T14:36:12","modified_gmt":"2020-09-30T14:36:12","slug":"magento-guida-versioni","status":"publish","type":"page","link":"https:\/\/app.rewixecommerce.com\/it\/magento-guida-versioni\/","title":{"rendered":"Guida Versioni &#8211; Magento"},"content":{"rendered":"\t\t<div data-elementor-type=\"wp-page\" data-elementor-id=\"78838\" class=\"elementor elementor-78838 elementor-78418\">\n\t\t\t\t\t\t<section class=\"elementor-section elementor-top-section elementor-element elementor-element-f958038 elementor-section-stretched elementor-section-full_width elementor-section-height-default elementor-section-height-default\" data-id=\"f958038\" data-element_type=\"section\" data-settings=\"{&quot;stretch_section&quot;:&quot;section-stretched&quot;,&quot;background_background&quot;:&quot;classic&quot;}\">\n\t\t\t\t\t\t<div class=\"elementor-container elementor-column-gap-default\">\n\t\t\t\t\t<div class=\"elementor-column elementor-col-100 elementor-top-column elementor-element elementor-element-a9c0615\" data-id=\"a9c0615\" data-element_type=\"column\">\n\t\t\t<div class=\"elementor-widget-wrap elementor-element-populated\">\n\t\t\t\t\t\t<div class=\"elementor-element elementor-element-10660c8 elementor-widget elementor-widget-heading\" data-id=\"10660c8\" data-element_type=\"widget\" data-widget_type=\"heading.default\">\n\t\t\t\t<div class=\"elementor-widget-container\">\n\t\t\t<h1 class=\"elementor-heading-title elementor-size-default\">Versioni Magento<\/h1>\t\t<\/div>\n\t\t\t\t<\/div>\n\t\t\t\t\t<\/div>\n\t\t<\/div>\n\t\t\t\t\t<\/div>\n\t\t<\/section>\n\t\t\t\t<section class=\"elementor-section elementor-top-section elementor-element elementor-element-a42a82a elementor-section-boxed elementor-section-height-default elementor-section-height-default\" data-id=\"a42a82a\" data-element_type=\"section\">\n\t\t\t\t\t\t<div class=\"elementor-container elementor-column-gap-default\">\n\t\t\t\t\t<div class=\"elementor-column elementor-col-33 elementor-top-column elementor-element elementor-element-7715340\" data-id=\"7715340\" data-element_type=\"column\" data-settings=\"{&quot;background_background&quot;:&quot;classic&quot;}\">\n\t\t\t<div class=\"elementor-widget-wrap elementor-element-populated\">\n\t\t\t\t\t\t<section class=\"elementor-section elementor-inner-section elementor-element elementor-element-5ac9640 elementor-section-boxed elementor-section-height-default elementor-section-height-default\" data-id=\"5ac9640\" data-element_type=\"section\" data-settings=\"{&quot;background_background&quot;:&quot;classic&quot;}\">\n\t\t\t\t\t\t<div class=\"elementor-container elementor-column-gap-default\">\n\t\t\t\t\t<div class=\"elementor-column elementor-col-100 elementor-inner-column elementor-element elementor-element-0b1ae53\" data-id=\"0b1ae53\" data-element_type=\"column\">\n\t\t\t<div class=\"elementor-widget-wrap elementor-element-populated\">\n\t\t\t\t\t\t<div class=\"elementor-element elementor-element-b0ff9a6 elementor-widget elementor-widget-heading\" data-id=\"b0ff9a6\" data-element_type=\"widget\" data-widget_type=\"heading.default\">\n\t\t\t\t<div class=\"elementor-widget-container\">\n\t\t\t<h2 class=\"elementor-heading-title elementor-size-default\">Guida Plugin Rewix Magento I<\/h2>\t\t<\/div>\n\t\t\t\t<\/div>\n\t\t\t\t<div class=\"elementor-element elementor-element-cc4c347 elementor-widget elementor-widget-text-editor\" data-id=\"cc4c347\" data-element_type=\"widget\" data-widget_type=\"text-editor.default\">\n\t\t\t\t<div class=\"elementor-widget-container\">\n\t\t\t\t\t\t\t<div class=\"wpb_text_column wpb_content_element \"><div class=\"wpb_wrapper\"><p><strong><a class=\"link-guida\" href=\"https:\/\/app.rewixecommerce.com\/it\/magento-guida-workflow\/\">Workflow<\/a><\/strong><\/p><p><strong><a class=\"link-guida\" href=\"https:\/\/app.rewixecommerce.com\/it\/magento-guida-installazione\/\">Installazione<\/a><\/strong><\/p><p><strong><a class=\"link-guida\" href=\"https:\/\/app.rewixecommerce.com\/it\/magento-guida-configurazione\/\">Configurazione<\/a><\/strong><\/p><p><strong><a class=\"link-guida\" href=\"https:\/\/app.rewixecommerce.com\/it\/mangento-guida-importazione-prodotti\/\">Importazione Prodotti<\/a><\/strong><\/p><p><strong><a class=\"link-guida\" href=\"https:\/\/app.rewixecommerce.com\/it\/magento-guida-gestione-prodotti\/\">Gestione Prodotti<\/a><\/strong><\/p><p><strong><a class=\"link-guida\" href=\"https:\/\/app.rewixecommerce.com\/it\/magento-guida-status\/\">Status<\/a><\/strong><\/p><p><strong><a class=\"link-guida active\" href=\"https:\/\/app.rewixecommerce.com\/it\/magento-guida-versioni\/\">&#8211; Versioni<\/a><\/strong><\/p><\/div><\/div>\t\t\t\t\t\t<\/div>\n\t\t\t\t<\/div>\n\t\t\t\t\t<\/div>\n\t\t<\/div>\n\t\t\t\t\t<\/div>\n\t\t<\/section>\n\t\t\t\t\t<\/div>\n\t\t<\/div>\n\t\t\t\t<div class=\"elementor-column elementor-col-66 elementor-top-column elementor-element elementor-element-038cc5a\" data-id=\"038cc5a\" data-element_type=\"column\">\n\t\t\t<div class=\"elementor-widget-wrap elementor-element-populated\">\n\t\t\t\t\t\t<div class=\"elementor-element elementor-element-3029a28 elementor-widget elementor-widget-heading\" data-id=\"3029a28\" data-element_type=\"widget\" data-widget_type=\"heading.default\">\n\t\t\t\t<div class=\"elementor-widget-container\">\n\t\t\t<h2 class=\"elementor-heading-title elementor-size-default\">Versioni Magento<\/h2>\t\t<\/div>\n\t\t\t\t<\/div>\n\t\t\t\t<div class=\"elementor-element elementor-element-ee9e2d6 elementor-widget elementor-widget-text-editor\" data-id=\"ee9e2d6\" data-element_type=\"widget\" data-widget_type=\"text-editor.default\">\n\t\t\t\t<div class=\"elementor-widget-container\">\n\t\t\t\t\t\t\t<div class=\"wpb_text_column wpb_content_element \"><div class=\"wpb_wrapper\"><p><strong>Version 1.1.8 \u2013\u00a0 Minor update and Bugfix<br \/><\/strong><span class=\"s1\">Abbiamo rilasciato una nuova versione di RewixSync per Magento con supporto in lingua russa e correzione di piccoli bug.<\/span><\/p><p><strong>Version 1.1.6 \u2013 Minor update and Bugfix<\/strong><\/p><ul><li class=\"li1\"><span class=\"s1\">aggiunto il supporto per le nuove lingue<\/span><\/li><li class=\"li1\"><span class=\"s1\">miniature fisse nella pagina di importazione<\/span><\/li><li class=\"li1\"><span class=\"s1\">flusso di sincronizzazione incrementale per una migliore e pi\u00f9 veloce sincronizzazione degli inventari remoti<\/span><\/li><li class=\"li1\"><span class=\"s1\">migliore sincronizzazione dell\u2019ordine con il fornitore remoto<\/span><\/li><\/ul><p><strong>Versione 1.1.3 \u2013 Minor update and Bugfix<\/strong><br \/>Checkout e prenotazione prodotti migliorati.<\/p><p><strong>Versione 1.1.0 \u2013 Minor update and Bugfix<\/strong><br \/>Aggiunto supporto albero categoria personalizzato.<\/p><p><strong>Versione 1.0.7 \u2013 Minor update and Bugfix<\/strong><br \/>Corretta compatibilit\u00e0 con la struttura XML aggiornata.<\/p><p><strong>Versione 1.0.0 \u2013 Minor update and Bugfix<\/strong><\/p><ul><li>Supporto per prodotti configurabili: i prodotti possono ora essere importati come configurabili (oltre che raggruppati) e quelli senza dimensioni (ad es. Borse, portafogli, ecc.) saranno importati in modo semplice.<\/li><li>Importazione di prodotti in background: l\u2019importazione dei prodotti pu\u00f2 essere un compito lungo, quindi i processi di rilascio della versione 1.0.0 devono essere importati usando le procedure cron di Magento invece di chiedere all\u2019utente di attendere il completamento dell\u2019importazione, consentendo di risparmiare molto tempo.<\/li><li>Aggiunta una nuova pagina di stato per verificare che la configurazione sia corretta. Verifica le autorizzazioni API, l\u2019esecuzione di attivit\u00e0 pianificate, la coda di importazione del prodotto, le impostazioni degli attributi e le configurazioni server web \/ php.<\/li><li>Aggiunto supporto per nuovi attributi disponibili nei dati dei fornitori, come genere e colore, che possono essere utilizzati per migliorare l\u2019esperienza del filtro di ricerca.<\/li><li>Consenti di filtrare solo per prodotti che non sono gi\u00e0 stati importati.<\/li><li>Compatibile con Magento Security Patch SUPEE-6788 (e Magento 1.9.2.2)<\/li><\/ul><p>Quando si aggiorna da 0.9.2 a 1.0.0, l\u2019installazione di Magento assicurer\u00e0 che tutte le modifiche necessarie al database vengano eseguite automaticamente. Alcuni clienti potrebbero dover rimuovere manualmente un attributo identificato dal codice \u201ccategoria\u201d, che \u00e8 stato creato nelle prime versioni alpha del plugin e mantenuto fino alla 0.9.2. Nella nuova pagina di stato verr\u00e0 visualizzato un avviso che ti chiede di rimuovere questo attributo. Per fare ci\u00f2 devi solo accedere a <em>Catalog<\/em>\u00a0-&gt;\u00a0<em>Attributes<\/em>\u00a0-&gt;\u00a0<em>Manage attributes<\/em>, cercare un attributo chiamato categoria ed eliminarlo. Questa modifica risolve anche alcuni rari problemi riscontrati con temi in cui la pagina del prodotto potrebbe restituire una pagina vuota.<\/p><p>L\u2019estensione \u00e8 progettata per consentire di passare in modo continuo da prodotti raggruppati a quelli configurabili in qualsiasi momento. Come la nuova procedura di importazione del prodotto, anche questa attivit\u00e0 viene eseguita in background, quindi non devi preoccuparti di problemi di timeout.<\/p><p>L\u2019avvio della conversione dei prodotti esistenti \u00e8 semplice, \u00e8 sufficiente modificare l\u2019impostazione nella pagina di configurazione.<\/p><p>Importante: \u00e8 inoltre necessario selezionare un attributo adatto nella configurazione \u201cAttributo dimensione\u201d da utilizzare per la generazione dei prodotti configurabili. Non appena si modifica l\u2019impostazione, l\u2019estensione avvier\u00e0 la procedura di migrazione, che pu\u00f2 richiedere fino a 12 ore a seconda del numero di prodotti che sono stati precedentemente importati. La modifica dell\u2019impostazione da raggruppata a configurabile sostituir\u00e0 qualsiasi modifica apportata manualmente ai prodotti, inclusi i prezzi, e il markup verr\u00e0 impostato in base alla configurazione dell\u2019estensione.<\/p><p>Sarai in grado di controllare l\u2019avanzamento della conversione attraverso la pagina di stato. L\u00ec vedrai il numero attuale di prodotto.<\/p><p>Alla fine, dovresti notare che la migrazione sar\u00e0 completata solo per i prodotti in stock. Tutti i prodotti esauriti verranno infine convertiti quando saranno nuovamente disponibili.<\/p><p>Oltre alla nuova opzione configurabile e all\u2019importazione del prodotto in background, abbiamo aggiunto anche il supporto per due nuovi attributi: Gender e Color. Per usare questi nuovi attributi, dovrai creare attributi adatti in Magento e sceglierli nella configurazione. Questi attributi devono avere <em>Global<\/em>, digitare Dropdown e devono essere inclusi nel <em>Default Attribute Set <\/em>per poterli selezionare nella configurazione.<\/p><p>Dopo aver completato la configurazione, tutti i nuovi prodotti importati avranno questi attributi impostati. Per riempire quegli attributi per i prodotti esistenti, dovrai eseguire nuovamente l\u2019importazione per quei prodotti (ci\u00f2 accadr\u00e0 anche durante la migrazione da configurabile a raggruppato).<\/p><p><strong>Versione 0.9.1 \u2013 Minor update and Bugfix<\/strong><\/p><ul><li>Consente alle categorie importate di essere rinominate e riorganizzate senza causare l\u2019importazione di nuovi prodotti per ripristinare il nome della categoria originale<\/li><li>Consentire di scegliere un attributo Magento da utilizzare per importare i dati del marchio del prodotto (consultare la documentazione ufficiale per maggiori dettagli)<\/li><li>Migliore affidabilit\u00e0 della verifica della disponibilit\u00e0 dei prodotti prima di consentire a un cliente di effettuare un ordine<\/li><li>Diminuzione della verbosit\u00e0 del log per gli ordini non di marca<\/li><li>Risolti alcuni rari problemi che causavano errori durante il controllo dello stato dell\u2019ordine sulla piattaforma remota<\/li><\/ul><p id=\"version-022\"><strong>Versione 0.2.2 \u2013 Minor update and Bugfix<\/strong><\/p><ul><li>Corregge l\u2019importazione di prodotti;<\/li><li>Corregge la gestione delle code;<\/li><li>Aggiunge un messaggio di errore nella tabella remote products;<\/li><li>Usa il sistema di digitazione php;<\/li><li>Migliora phpdocs;<\/li><li>Corregge gli errori di importazione dei prodotti con dati errati dall\u2019upstream.<\/li><\/ul><p id=\"version-021\"><strong>Versione 0.2.1 \u2013 Minor update and Bugfix<\/strong><\/p><ul><li>Migliora gestione delle code;<\/li><li>Migliora la pagina di stato;<\/li><li>Gestisce meglio la coda dei prodotti;<\/li><li>Aggiunge colonna nel database;<\/li><li>Corregge l\u2019eliminazione dopo un errore.<\/li><\/ul><p id=\"version-020\"><strong>Versione 0.2.0 \u2013 Minor update and Bugfix<\/strong><\/p><ul><li>Aggiunge la pagina di amministrazione dello stato;<\/li><li>Corregge l\u2019esecuzione cron job.<\/li><\/ul><p id=\"version-012\"><strong>Versione 0.1.2 \u2013 Bugfix<\/strong><\/p><ul><li>Correggi gli standard di codifica per la convalida Magento.<\/li><\/ul><\/div><\/div>\t\t\t\t\t\t<\/div>\n\t\t\t\t<\/div>\n\t\t\t\t\t<\/div>\n\t\t<\/div>\n\t\t\t\t\t<\/div>\n\t\t<\/section>\n\t\t\t\t<\/div>\n\t\t","protected":false},"excerpt":{"rendered":"<p>Versioni Magento Guida Plugin Rewix Magento I Workflow Installazione Configurazione Importazione Prodotti Gestione Prodotti Status &#8211; Versioni Versioni Magento Version 1.1.8 \u2013&nbsp; Minor update and Bugfix Abbiamo rilasciato una nuova versione di RewixSync per Magento con supporto in lingua russa e correzione di piccoli bug. Version 1.1.6 \u2013 Minor update and Bugfix aggiunto il supporto <\/p>\n","protected":false},"author":689,"featured_media":0,"parent":0,"menu_order":0,"comment_status":"closed","ping_status":"closed","template":"","meta":{"footnotes":""},"class_list":["post-78838","page","type-page","status-publish","hentry"],"aioseo_notices":[],"_links":{"self":[{"href":"https:\/\/app.rewixecommerce.com\/it\/wp-json\/wp\/v2\/pages\/78838"}],"collection":[{"href":"https:\/\/app.rewixecommerce.com\/it\/wp-json\/wp\/v2\/pages"}],"about":[{"href":"https:\/\/app.rewixecommerce.com\/it\/wp-json\/wp\/v2\/types\/page"}],"author":[{"embeddable":true,"href":"https:\/\/app.rewixecommerce.com\/it\/wp-json\/wp\/v2\/users\/689"}],"replies":[{"embeddable":true,"href":"https:\/\/app.rewixecommerce.com\/it\/wp-json\/wp\/v2\/comments?post=78838"}],"version-history":[{"count":4,"href":"https:\/\/app.rewixecommerce.com\/it\/wp-json\/wp\/v2\/pages\/78838\/revisions"}],"predecessor-version":[{"id":78842,"href":"https:\/\/app.rewixecommerce.com\/it\/wp-json\/wp\/v2\/pages\/78838\/revisions\/78842"}],"wp:attachment":[{"href":"https:\/\/app.rewixecommerce.com\/it\/wp-json\/wp\/v2\/media?parent=78838"}],"curies":[{"name":"wp","href":"https:\/\/api.w.org\/{rel}","templated":true}]}}