{"id":78824,"date":"2020-09-03T14:53:37","date_gmt":"2020-09-03T14:53:37","guid":{"rendered":"https:\/\/app.rewixecommerce.com\/?page_id=78824"},"modified":"2020-09-30T14:33:19","modified_gmt":"2020-09-30T14:33:19","slug":"magento-guida-gestione-prodotti","status":"publish","type":"page","link":"https:\/\/app.rewixecommerce.com\/it\/magento-guida-gestione-prodotti\/","title":{"rendered":"Gestione prodotti prenotati Magento"},"content":{"rendered":"\t\t<div data-elementor-type=\"wp-page\" data-elementor-id=\"78824\" class=\"elementor elementor-78824 elementor-78407\">\n\t\t\t\t\t\t<section class=\"elementor-section elementor-top-section elementor-element elementor-element-de31c9c elementor-section-stretched elementor-section-full_width elementor-section-height-default elementor-section-height-default\" data-id=\"de31c9c\" data-element_type=\"section\" data-settings=\"{&quot;stretch_section&quot;:&quot;section-stretched&quot;,&quot;background_background&quot;:&quot;classic&quot;}\">\n\t\t\t\t\t\t<div class=\"elementor-container elementor-column-gap-default\">\n\t\t\t\t\t<div class=\"elementor-column elementor-col-100 elementor-top-column elementor-element elementor-element-16092f0\" data-id=\"16092f0\" data-element_type=\"column\">\n\t\t\t<div class=\"elementor-widget-wrap elementor-element-populated\">\n\t\t\t\t\t\t<div class=\"elementor-element elementor-element-428f0b1 elementor-widget elementor-widget-heading\" data-id=\"428f0b1\" data-element_type=\"widget\" data-widget_type=\"heading.default\">\n\t\t\t\t<div class=\"elementor-widget-container\">\n\t\t\t<h1 class=\"elementor-heading-title elementor-size-default\">Gestione prodotti Magento<\/h1>\t\t<\/div>\n\t\t\t\t<\/div>\n\t\t\t\t\t<\/div>\n\t\t<\/div>\n\t\t\t\t\t<\/div>\n\t\t<\/section>\n\t\t\t\t<section class=\"elementor-section elementor-top-section elementor-element elementor-element-a42a82a elementor-section-boxed elementor-section-height-default elementor-section-height-default\" data-id=\"a42a82a\" data-element_type=\"section\">\n\t\t\t\t\t\t<div class=\"elementor-container elementor-column-gap-default\">\n\t\t\t\t\t<div class=\"elementor-column elementor-col-33 elementor-top-column elementor-element elementor-element-7715340\" data-id=\"7715340\" data-element_type=\"column\" data-settings=\"{&quot;background_background&quot;:&quot;classic&quot;}\">\n\t\t\t<div class=\"elementor-widget-wrap elementor-element-populated\">\n\t\t\t\t\t\t<section class=\"elementor-section elementor-inner-section elementor-element elementor-element-429a512 elementor-section-boxed elementor-section-height-default elementor-section-height-default\" data-id=\"429a512\" data-element_type=\"section\" data-settings=\"{&quot;background_background&quot;:&quot;classic&quot;}\">\n\t\t\t\t\t\t<div class=\"elementor-container elementor-column-gap-default\">\n\t\t\t\t\t<div class=\"elementor-column elementor-col-100 elementor-inner-column elementor-element elementor-element-e76b40e\" data-id=\"e76b40e\" data-element_type=\"column\">\n\t\t\t<div class=\"elementor-widget-wrap elementor-element-populated\">\n\t\t\t\t\t\t<div class=\"elementor-element elementor-element-9a022c2 elementor-widget elementor-widget-heading\" data-id=\"9a022c2\" data-element_type=\"widget\" data-widget_type=\"heading.default\">\n\t\t\t\t<div class=\"elementor-widget-container\">\n\t\t\t<h2 class=\"elementor-heading-title elementor-size-default\">Guida Plugin Rewix Magento I<\/h2>\t\t<\/div>\n\t\t\t\t<\/div>\n\t\t\t\t<div class=\"elementor-element elementor-element-236c752 elementor-widget elementor-widget-text-editor\" data-id=\"236c752\" data-element_type=\"widget\" data-widget_type=\"text-editor.default\">\n\t\t\t\t<div class=\"elementor-widget-container\">\n\t\t\t\t\t\t\t<div class=\"wpb_text_column wpb_content_element \"><div class=\"wpb_wrapper\"><p><strong><a class=\"link-guida\" href=\"https:\/\/app.rewixecommerce.com\/it\/magento-guida-workflow\/\">Workflow<\/a><\/strong><\/p><p><strong><a class=\"link-guida\" href=\"https:\/\/app.rewixecommerce.com\/it\/magento-guida-installazione\/\">Installazione<\/a><\/strong><\/p><p><strong><a class=\"link-guida\" href=\"https:\/\/app.rewixecommerce.com\/it\/magento-guida-configurazione\/\">Configurazione<\/a><\/strong><\/p><p><strong><a class=\"link-guida\" href=\"https:\/\/app.rewixecommerce.com\/it\/mangento-guida-importazione-prodotti\/\">Importazione Prodotti<\/a><\/strong><\/p><p><strong><a class=\"link-guida active\" href=\"https:\/\/app.rewixecommerce.com\/it\/magento-guida-gestione-prodotti\/\">\u2013 Gestione Prodotti<\/a><\/strong><\/p><p><strong><a class=\"link-guida\" href=\"https:\/\/app.rewixecommerce.com\/it\/magento-guida-status\/\">Status<\/a><\/strong><\/p><p><strong><a class=\"link-guida\" href=\"https:\/\/app.rewixecommerce.com\/it\/magento-guida-versioni\/\">Versioni<\/a><\/strong><\/p><\/div><\/div>\t\t\t\t\t\t<\/div>\n\t\t\t\t<\/div>\n\t\t\t\t\t<\/div>\n\t\t<\/div>\n\t\t\t\t\t<\/div>\n\t\t<\/section>\n\t\t\t\t\t<\/div>\n\t\t<\/div>\n\t\t\t\t<div class=\"elementor-column elementor-col-66 elementor-top-column elementor-element elementor-element-038cc5a\" data-id=\"038cc5a\" data-element_type=\"column\">\n\t\t\t<div class=\"elementor-widget-wrap elementor-element-populated\">\n\t\t\t\t\t\t<div class=\"elementor-element elementor-element-3029a28 elementor-widget elementor-widget-heading\" data-id=\"3029a28\" data-element_type=\"widget\" data-widget_type=\"heading.default\">\n\t\t\t\t<div class=\"elementor-widget-container\">\n\t\t\t<h2 class=\"elementor-heading-title elementor-size-default\">Gestione dei prodotti prenotati<\/h2>\t\t<\/div>\n\t\t\t\t<\/div>\n\t\t\t\t<div class=\"elementor-element elementor-element-ee9e2d6 elementor-widget elementor-widget-text-editor\" data-id=\"ee9e2d6\" data-element_type=\"widget\" data-widget_type=\"text-editor.default\">\n\t\t\t\t<div class=\"elementor-widget-container\">\n\t\t\t\t\t\t\t<div class=\"wpb_text_column wpb_content_element \"><div class=\"wpb_wrapper\"><p>Questa interfaccia mostra quali sono i prodotti che al momento sono riservati dal fornitore e le quantit\u00e0 necessarie per soddisfare gli ordini in sospeso e in elaborazione.<\/p><p>Le colonne della tabella sono:<\/p><p><strong>Remote ID<\/strong>: l\u2019ID del modello del fornitore (prodotto con dimensioni) del prodotto riservato.<\/p><p><strong>Category<\/strong>: questo campo popoler\u00e0 i livelli della gerarchia di categorie del tuo sito ecommerce<\/p><p><strong>Brand<\/strong>: l\u2019attributo brand pu\u00f2 essere importato in un attributo che pu\u00f2 essere scelto nella fese di Configurazione<\/p><p><strong>Gender<\/strong>: l\u2019attributo genere pu\u00f2 essere importato in un attributo che pu\u00f2 essere scelto nella fese di Configurazione<\/p><p><strong>Local Processing Q.ty<\/strong>: quantit\u00e0 di prodotti attualmente in elaborazione ordini in Magento, esclusi quelli gi\u00e0 confermati al fornitore.<\/p><p><strong>Local Pending Q.ty<\/strong>: quantit\u00e0 di prodotti attualmente in attesa di ordini (entit\u00e0 preventivo o carrello Magento)<\/p><p><strong>Local Stock Q.ty<\/strong>: informazioni sullo stock attualmente archiviate in Magento.<\/p><p><strong>Remote Booked Qty<\/strong>: quantit\u00e0 di prodotto attualmente riservata al fornitore. Esclude le quantit\u00e0 gi\u00e0 confermate<\/p><p><strong>Remote Available Q.ty<\/strong>: la quantit\u00e0 disponibile corrente sul sito ecommerce del fornitore. Se ci sono anomalie nei numeri in questa tabella \u00e8 sufficiente premere il pulsante Sincronizza con fornitore e i prodotti riservati e le disponibilit\u00e0 saranno automaticamente aggiornati per i prodotti presenti in questa interfaccia.<\/p><\/div><\/div>\t\t\t\t\t\t<\/div>\n\t\t\t\t<\/div>\n\t\t\t\t\t<\/div>\n\t\t<\/div>\n\t\t\t\t\t<\/div>\n\t\t<\/section>\n\t\t\t\t<\/div>\n\t\t","protected":false},"excerpt":{"rendered":"<p>Gestione prodotti Magento Guida Plugin Rewix Magento I Workflow Installazione Configurazione Importazione Prodotti \u2013 Gestione Prodotti Status Versioni Gestione dei prodotti prenotati Questa interfaccia mostra quali sono i prodotti che al momento sono riservati dal fornitore e le quantit\u00e0 necessarie per soddisfare gli ordini in sospeso e in elaborazione. Le colonne della tabella sono: Remote <\/p>\n","protected":false},"author":689,"featured_media":0,"parent":0,"menu_order":0,"comment_status":"closed","ping_status":"closed","template":"","meta":{"footnotes":""},"class_list":["post-78824","page","type-page","status-publish","hentry"],"aioseo_notices":[],"_links":{"self":[{"href":"https:\/\/app.rewixecommerce.com\/it\/wp-json\/wp\/v2\/pages\/78824"}],"collection":[{"href":"https:\/\/app.rewixecommerce.com\/it\/wp-json\/wp\/v2\/pages"}],"about":[{"href":"https:\/\/app.rewixecommerce.com\/it\/wp-json\/wp\/v2\/types\/page"}],"author":[{"embeddable":true,"href":"https:\/\/app.rewixecommerce.com\/it\/wp-json\/wp\/v2\/users\/689"}],"replies":[{"embeddable":true,"href":"https:\/\/app.rewixecommerce.com\/it\/wp-json\/wp\/v2\/comments?post=78824"}],"version-history":[{"count":9,"href":"https:\/\/app.rewixecommerce.com\/it\/wp-json\/wp\/v2\/pages\/78824\/revisions"}],"predecessor-version":[{"id":78844,"href":"https:\/\/app.rewixecommerce.com\/it\/wp-json\/wp\/v2\/pages\/78824\/revisions\/78844"}],"wp:attachment":[{"href":"https:\/\/app.rewixecommerce.com\/it\/wp-json\/wp\/v2\/media?parent=78824"}],"curies":[{"name":"wp","href":"https:\/\/api.w.org\/{rel}","templated":true}]}}